{"id":1048,"date":"2019-12-09T15:17:00","date_gmt":"2019-12-09T14:17:00","guid":{"rendered":"https:\/\/create.coeytaux-vins.ch\/?post_type=product&#038;p=1048"},"modified":"2023-04-20T23:04:10","modified_gmt":"2023-04-20T22:04:10","slug":"pinot-gris","status":"publish","type":"product","link":"https:\/\/create.coeytaux-vins.ch\/fr\/nos-vins\/pinot-gris\/","title":{"rendered":"Pinot Gris"},"content":{"rendered":"<p><strong>Descriptif<\/strong><br \/>\nVin blanc. Ce vin demande de la maturit\u00e9 et donne son plein potentiel apr\u00e8s 1 \u00e0 2 ann\u00e9es.<\/p>\n<p><strong>Au nez<\/strong><br \/>\nAr\u00f4mes fruit\u00e9s de poires, coings et fruits confits.<\/p>\n<p><strong>En bouche<\/strong><br \/>\nCe Pinot Gris se caract\u00e9rise par sa richesse et son volume en bouche.<\/p>\n<p><strong>Id\u00e9es d\u2019accompagnement<\/strong><br \/>\n&#8211; En ap\u00e9ritif<br \/>\n&#8211; Entr\u00e9es<br \/>\n&#8211; Fruits de mer<br \/>\n&#8211; Viandes blanches<\/p>\n<p><strong>75 cl &#8211; CHF 16.00 (carton de 6 bouteilles)<\/strong><\/p>\n","protected":false},"excerpt":{"rendered":"<p>75 cl<\/p>\n","protected":false},"featured_media":1362,"comment_status":"open","ping_status":"closed","template":"","meta":{"_et_pb_use_builder":"off","_et_pb_old_content":"<strong>Descriptif<\/strong>\r\nVin blanc. Ce vin demande de la maturit\u00e9 et donne son plein potentiel apr\u00e8s 1 \u00e0 2 ann\u00e9es.\r\n\r\n<strong>Au nez<\/strong>\r\nAr\u00f4mes fruit\u00e9s de poires, coings et fruits confits.\r\n\r\n<strong>En bouche<\/strong>\r\nCe Pinot Gris se caract\u00e9rise par sa richesse et son volume en bouche.\r\n\r\n<strong>Id\u00e9es d\u2019accompagnement<\/strong>\r\n- En ap\u00e9ritif\r\n- Entr\u00e9es\r\n- Fruits de mer\r\n- Viandes blanches\r\n\r\n<strong>75 cl - CHF 15.00 (carton de 6 bouteilles)<\/strong>","_et_gb_content_width":"","inline_featured_image":false},"product_cat":[47],"product_tag":[],"yoast_head":"<!-- This site is optimized with the Yoast SEO plugin v21.5 - https:\/\/yoast.com\/wordpress\/plugins\/seo\/ -->\n<title>Coeytaux Jean-Daniel - Vigneron - Encaveur - Pinot Gris<\/title>\n<meta name=\"robots\" content=\"index, follow, max-snippet:-1, max-image-preview:large, max-video-preview:-1\" \/>\n<link rel=\"canonical\" href=\"https:\/\/create.coeytaux-vins.ch\/fr\/nos-vins\/pinot-gris\/\" \/>\n<meta property=\"og:locale\" content=\"fr_FR\" \/>\n<meta property=\"og:type\" content=\"article\" \/>\n<meta property=\"og:title\" content=\"Coeytaux Jean-Daniel - Vigneron - Encaveur - Pinot Gris\" \/>\n<meta property=\"og:description\" content=\"75 cl\" \/>\n<meta property=\"og:url\" content=\"https:\/\/create.coeytaux-vins.ch\/fr\/nos-vins\/pinot-gris\/\" \/>\n<meta property=\"og:site_name\" content=\"Coeytaux Jean-Daniel\" \/>\n<meta property=\"article:publisher\" content=\"https:\/\/www.facebook.com\/cavejeandaniel.coeytaux\" \/>\n<meta property=\"article:modified_time\" content=\"2023-04-20T22:04:10+00:00\" \/>\n<meta property=\"og:image\" content=\"https:\/\/create.coeytaux-vins.ch\/wp-content\/uploads\/2020\/03\/Pinot-Gris-75-cl-LR-min-2.png\" \/>\n\t<meta property=\"og:image:width\" content=\"683\" \/>\n\t<meta property=\"og:image:height\" content=\"1772\" \/>\n\t<meta property=\"og:image:type\" content=\"image\/png\" \/>\n<meta name=\"twitter:card\" content=\"summary_large_image\" \/>\n<meta name=\"twitter:site\" content=\"@CaveJDC\" \/>\n<script type=\"application\/ld+json\" class=\"yoast-schema-graph\">{\"@context\":\"https:\/\/schema.org\",\"@graph\":[{\"@type\":\"WebPage\",\"@id\":\"https:\/\/create.coeytaux-vins.ch\/fr\/nos-vins\/pinot-gris\/\",\"url\":\"https:\/\/create.coeytaux-vins.ch\/fr\/nos-vins\/pinot-gris\/\",\"name\":\"Coeytaux Jean-Daniel - Vigneron - Encaveur - Pinot Gris\",\"isPartOf\":{\"@id\":\"https:\/\/create.coeytaux-vins.ch\/fr\/#website\"},\"datePublished\":\"2019-12-09T14:17:00+00:00\",\"dateModified\":\"2023-04-20T22:04:10+00:00\",\"breadcrumb\":{\"@id\":\"https:\/\/create.coeytaux-vins.ch\/fr\/nos-vins\/pinot-gris\/#breadcrumb\"},\"inLanguage\":\"fr-FR\",\"potentialAction\":[{\"@type\":\"ReadAction\",\"target\":[\"https:\/\/create.coeytaux-vins.ch\/fr\/nos-vins\/pinot-gris\/\"]}]},{\"@type\":\"BreadcrumbList\",\"@id\":\"https:\/\/create.coeytaux-vins.ch\/fr\/nos-vins\/pinot-gris\/#breadcrumb\",\"itemListElement\":[{\"@type\":\"ListItem\",\"position\":1,\"name\":\"Accueil\",\"item\":\"https:\/\/create.coeytaux-vins.ch\/fr\/\"},{\"@type\":\"ListItem\",\"position\":2,\"name\":\"Nos Vins\",\"item\":\"https:\/\/create.coeytaux-vins.ch\/fr\/nos-vins\/\"},{\"@type\":\"ListItem\",\"position\":3,\"name\":\"Pinot Gris\"}]},{\"@type\":\"WebSite\",\"@id\":\"https:\/\/create.coeytaux-vins.ch\/fr\/#website\",\"url\":\"https:\/\/create.coeytaux-vins.ch\/fr\/\",\"name\":\"Coeytaux Jean-Daniel\",\"description\":\"Jean Daniel Coeytaux, Vigneron-Encaveur, Rue du Ch\u00e2teau 4, 1169 Yens-s\/Morges, Tel +41 21 800 47 38, Fax +41 21 800 47 57, Natel +41 79 276 30 47, jean-daniel@coeytaux-vins.ch\",\"publisher\":{\"@id\":\"https:\/\/create.coeytaux-vins.ch\/fr\/#organization\"},\"potentialAction\":[{\"@type\":\"SearchAction\",\"target\":{\"@type\":\"EntryPoint\",\"urlTemplate\":\"https:\/\/create.coeytaux-vins.ch\/fr\/?s={search_term_string}\"},\"query-input\":\"required name=search_term_string\"}],\"inLanguage\":\"fr-FR\"},{\"@type\":\"Organization\",\"@id\":\"https:\/\/create.coeytaux-vins.ch\/fr\/#organization\",\"name\":\"Jean-Daniel Coeytaux\",\"url\":\"https:\/\/create.coeytaux-vins.ch\/fr\/\",\"logo\":{\"@type\":\"ImageObject\",\"inLanguage\":\"fr-FR\",\"@id\":\"https:\/\/create.coeytaux-vins.ch\/fr\/#\/schema\/logo\/image\/\",\"url\":\"https:\/\/create.coeytaux-vins.ch\/wp-content\/uploads\/2020\/08\/Logo-Cave-Jean-Daniel-Coeytaux-Vigneron-Encaveur-e1598877479575.png\",\"contentUrl\":\"https:\/\/create.coeytaux-vins.ch\/wp-content\/uploads\/2020\/08\/Logo-Cave-Jean-Daniel-Coeytaux-Vigneron-Encaveur-e1598877479575.png\",\"width\":250,\"height\":176,\"caption\":\"Jean-Daniel Coeytaux\"},\"image\":{\"@id\":\"https:\/\/create.coeytaux-vins.ch\/fr\/#\/schema\/logo\/image\/\"},\"sameAs\":[\"https:\/\/www.facebook.com\/cavejeandaniel.coeytaux\",\"https:\/\/twitter.com\/CaveJDC\",\"https:\/\/www.instagram.com\/cave_jean_daniel_coeytaux\/\"]}]}<\/script>\n<!-- \/ Yoast SEO plugin. -->","yoast_head_json":{"title":"Coeytaux Jean-Daniel - Vigneron - Encaveur - Pinot Gris","robots":{"index":"index","follow":"follow","max-snippet":"max-snippet:-1","max-image-preview":"max-image-preview:large","max-video-preview":"max-video-preview:-1"},"canonical":"https:\/\/create.coeytaux-vins.ch\/fr\/nos-vins\/pinot-gris\/","og_locale":"fr_FR","og_type":"article","og_title":"Coeytaux Jean-Daniel - Vigneron - Encaveur - Pinot Gris","og_description":"75 cl","og_url":"https:\/\/create.coeytaux-vins.ch\/fr\/nos-vins\/pinot-gris\/","og_site_name":"Coeytaux Jean-Daniel","article_publisher":"https:\/\/www.facebook.com\/cavejeandaniel.coeytaux","article_modified_time":"2023-04-20T22:04:10+00:00","og_image":[{"width":683,"height":1772,"url":"https:\/\/create.coeytaux-vins.ch\/wp-content\/uploads\/2020\/03\/Pinot-Gris-75-cl-LR-min-2.png","type":"image\/png"}],"twitter_card":"summary_large_image","twitter_site":"@CaveJDC","schema":{"@context":"https:\/\/schema.org","@graph":[{"@type":"WebPage","@id":"https:\/\/create.coeytaux-vins.ch\/fr\/nos-vins\/pinot-gris\/","url":"https:\/\/create.coeytaux-vins.ch\/fr\/nos-vins\/pinot-gris\/","name":"Coeytaux Jean-Daniel - Vigneron - Encaveur - Pinot Gris","isPartOf":{"@id":"https:\/\/create.coeytaux-vins.ch\/fr\/#website"},"datePublished":"2019-12-09T14:17:00+00:00","dateModified":"2023-04-20T22:04:10+00:00","breadcrumb":{"@id":"https:\/\/create.coeytaux-vins.ch\/fr\/nos-vins\/pinot-gris\/#breadcrumb"},"inLanguage":"fr-FR","potentialAction":[{"@type":"ReadAction","target":["https:\/\/create.coeytaux-vins.ch\/fr\/nos-vins\/pinot-gris\/"]}]},{"@type":"BreadcrumbList","@id":"https:\/\/create.coeytaux-vins.ch\/fr\/nos-vins\/pinot-gris\/#breadcrumb","itemListElement":[{"@type":"ListItem","position":1,"name":"Accueil","item":"https:\/\/create.coeytaux-vins.ch\/fr\/"},{"@type":"ListItem","position":2,"name":"Nos Vins","item":"https:\/\/create.coeytaux-vins.ch\/fr\/nos-vins\/"},{"@type":"ListItem","position":3,"name":"Pinot Gris"}]},{"@type":"WebSite","@id":"https:\/\/create.coeytaux-vins.ch\/fr\/#website","url":"https:\/\/create.coeytaux-vins.ch\/fr\/","name":"Coeytaux Jean-Daniel","description":"Jean Daniel Coeytaux, Vigneron-Encaveur, Rue du Ch\u00e2teau 4, 1169 Yens-s\/Morges, Tel +41 21 800 47 38, Fax +41 21 800 47 57, Natel +41 79 276 30 47, jean-daniel@coeytaux-vins.ch","publisher":{"@id":"https:\/\/create.coeytaux-vins.ch\/fr\/#organization"},"potentialAction":[{"@type":"SearchAction","target":{"@type":"EntryPoint","urlTemplate":"https:\/\/create.coeytaux-vins.ch\/fr\/?s={search_term_string}"},"query-input":"required name=search_term_string"}],"inLanguage":"fr-FR"},{"@type":"Organization","@id":"https:\/\/create.coeytaux-vins.ch\/fr\/#organization","name":"Jean-Daniel Coeytaux","url":"https:\/\/create.coeytaux-vins.ch\/fr\/","logo":{"@type":"ImageObject","inLanguage":"fr-FR","@id":"https:\/\/create.coeytaux-vins.ch\/fr\/#\/schema\/logo\/image\/","url":"https:\/\/create.coeytaux-vins.ch\/wp-content\/uploads\/2020\/08\/Logo-Cave-Jean-Daniel-Coeytaux-Vigneron-Encaveur-e1598877479575.png","contentUrl":"https:\/\/create.coeytaux-vins.ch\/wp-content\/uploads\/2020\/08\/Logo-Cave-Jean-Daniel-Coeytaux-Vigneron-Encaveur-e1598877479575.png","width":250,"height":176,"caption":"Jean-Daniel Coeytaux"},"image":{"@id":"https:\/\/create.coeytaux-vins.ch\/fr\/#\/schema\/logo\/image\/"},"sameAs":["https:\/\/www.facebook.com\/cavejeandaniel.coeytaux","https:\/\/twitter.com\/CaveJDC","https:\/\/www.instagram.com\/cave_jean_daniel_coeytaux\/"]}]}},"_links":{"self":[{"href":"https:\/\/create.coeytaux-vins.ch\/fr\/wp-json\/wp\/v2\/product\/1048"}],"collection":[{"href":"https:\/\/create.coeytaux-vins.ch\/fr\/wp-json\/wp\/v2\/product"}],"about":[{"href":"https:\/\/create.coeytaux-vins.ch\/fr\/wp-json\/wp\/v2\/types\/product"}],"replies":[{"embeddable":true,"href":"https:\/\/create.coeytaux-vins.ch\/fr\/wp-json\/wp\/v2\/comments?post=1048"}],"wp:featuredmedia":[{"embeddable":true,"href":"https:\/\/create.coeytaux-vins.ch\/fr\/wp-json\/wp\/v2\/media\/1362"}],"wp:attachment":[{"href":"https:\/\/create.coeytaux-vins.ch\/fr\/wp-json\/wp\/v2\/media?parent=1048"}],"wp:term":[{"taxonomy":"product_cat","embeddable":true,"href":"https:\/\/create.coeytaux-vins.ch\/fr\/wp-json\/wp\/v2\/product_cat?post=1048"},{"taxonomy":"product_tag","embeddable":true,"href":"https:\/\/create.coeytaux-vins.ch\/fr\/wp-json\/wp\/v2\/product_tag?post=1048"}],"curies":[{"name":"wp","href":"https:\/\/api.w.org\/{rel}","templated":true}]}}