{"id":441,"date":"2020-02-17T14:01:24","date_gmt":"2020-02-17T14:01:24","guid":{"rendered":"http:\/\/localhost\/jdc_yens\/?page_id=441"},"modified":"2023-10-04T15:08:59","modified_gmt":"2023-10-04T14:08:59","slug":"contact","status":"publish","type":"page","link":"https:\/\/create.coeytaux-vins.ch\/fr\/contact\/","title":{"rendered":"Contact"},"content":{"rendered":"<p>[et_pb_section fb_built=&#8221;1&#8243; fullwidth=&#8221;on&#8221; _builder_version=&#8221;4.16&#8243; locked=&#8221;off&#8221; global_colors_info=&#8221;{}&#8221;][et_pb_fullwidth_header title=&#8221;@ET-DC@eyJkeW5hbWljIjp0cnVlLCJjb250ZW50IjoicG9zdF90aXRsZSIsInNldHRpbmdzIjp7ImJlZm9yZSI6IiIsImFmdGVyIjoiIn19@&#8221; text_orientation=&#8221;center&#8221; background_overlay_color=&#8221;rgba(0,0,0,0.35)&#8221; _builder_version=&#8221;4.16&#8243; _dynamic_attributes=&#8221;title&#8221; background_image=&#8221;https:\/\/create.coeytaux-vins.ch\/wp-content\/uploads\/2020\/07\/Photo-Vigne-Arri\u00e8re-plan-avec-les-Alpes-2-scaled.jpg&#8221; height=&#8221;215px&#8221; custom_padding=&#8221;0px||0px||false|false&#8221; custom_css_header_container=&#8221;height: 100%;&#8221; global_colors_info=&#8221;{}&#8221;][\/et_pb_fullwidth_header][\/et_pb_section][et_pb_section fb_built=&#8221;1&#8243; custom_padding_last_edited=&#8221;on|desktop&#8221; admin_label=&#8221;Top Content&#8221; module_class=&#8221;top-content bg-right-4 bg-top&#8221; _builder_version=&#8221;4.22.2&#8243; custom_margin=&#8221;0px||0px||true|false&#8221; custom_padding=&#8221;0px|0px|0px|0px|false|true&#8221; custom_padding_tablet=&#8221;|15px|40px|15px|false|false&#8221; custom_padding_phone=&#8221;||30px||false|false&#8221; global_colors_info=&#8221;{}&#8221;][et_pb_row column_structure=&#8221;1_2,1_2&#8243; use_custom_gutter=&#8221;on&#8221; make_equal=&#8221;on&#8221; custom_padding_last_edited=&#8221;on|tablet&#8221; _builder_version=&#8221;4.22.2&#8243; width=&#8221;100%&#8221; max_width=&#8221;100%&#8221; custom_margin=&#8221;0px||0px||false|false&#8221; custom_padding=&#8221;0px||0px||false|false&#8221; custom_padding_tablet=&#8221;||0px||false|false&#8221; custom_padding_phone=&#8221;&#8221; hover_enabled=&#8221;0&#8243; global_colors_info=&#8221;{}&#8221; sticky_enabled=&#8221;0&#8243;][et_pb_column type=&#8221;1_2&#8243; admin_label=&#8221;Top Map&#8221; _builder_version=&#8221;4.22.2&#8243; custom_padding=&#8221;0px|0px|0px|0px|false|false&#8221; hover_enabled=&#8221;0&#8243; custom_css_main_element=&#8221;width: 50% !important;||margin-right: 0 !important;&#8221; global_colors_info=&#8221;{}&#8221; module_class=&#8221;map-flex&#8221; sticky_enabled=&#8221;0&#8243;][et_pb_map address=&#8221;Rue du Ch\u00e2teau 4, 1169 Yens, Suisse&#8221; zoom_level=&#8221;13&#8243; address_lat=&#8221;46.5183207&#8243; address_lng=&#8221;6.4176256&#8243; mouse_wheel=&#8221;off&#8221; module_class=&#8221;et_fullscreen_slider&#8221; _builder_version=&#8221;4.22.2&#8243; min_height=&#8221;50vh&#8221; height=&#8221;100%&#8221; custom_margin=&#8221;0px||0px|0px|true|false&#8221; custom_margin_tablet=&#8221;|||-15px|false|false&#8221; custom_margin_phone=&#8221;&#8221; custom_margin_last_edited=&#8221;on|tablet&#8221; custom_padding=&#8221;0px||0px||true|false&#8221; global_colors_info=&#8221;{}&#8221;][et_pb_map_pin pin_address=&#8221;Rue du Ch\u00e2teau 4, 1169 Yens, Suisse&#8221; zoom_level=&#8221;13&#8243; pin_address_lat=&#8221;46.5183207&#8243; pin_address_lng=&#8221;6.4176256&#8243; _builder_version=&#8221;4.4.8&#8243; global_colors_info=&#8221;{}&#8221;]<\/p>\n<p class=\"LC20lb DKV0Md\" style=\"text-align: left;\"><strong>Cave Jean-Daniel Coeytaux<\/strong><br \/> Rue du Ch\u00e2teau 4<br \/> 1169 Yens-s\/Morges<\/p>\n<p>[\/et_pb_map_pin][\/et_pb_map][\/et_pb_column][et_pb_column type=&#8221;1_2&#8243; _builder_version=&#8221;4.16&#8243; background_enable_color=&#8221;off&#8221; custom_padding=&#8221;10px|5vw|10px|5vw|true|true&#8221; global_colors_info=&#8221;{}&#8221;][et_pb_text admin_label=&#8221;Logo&#8221; _builder_version=&#8221;4.16&#8243; text_orientation=&#8221;center&#8221; custom_margin=&#8221;40px||15px||false|false&#8221; global_colors_info=&#8221;{}&#8221;]<\/p>\n<p><img decoding=\"async\" loading=\"lazy\" src=\"https:\/\/create.coeytaux-vins.ch\/wp-content\/uploads\/2020\/04\/Logo-Cave-Jean-Daniel-Coeytaux-Vigneron-Encaveur-300x211.png\" alt=\"\" class=\"wp-image-2009 alignnone size-medium\" width=\"300\" height=\"211\" \/><\/p>\n<p>[\/et_pb_text][et_pb_text admin_label=&#8221;Contact List&#8221; _builder_version=&#8221;4.16&#8243; text_orientation=&#8221;center&#8221; global_colors_info=&#8221;{}&#8221;]<\/p>\n<p>Rue du Ch\u00e2teau 4, 1169 Yens-s\/Morges, Suisse<\/p>\n<p>T\u00e9l. <a href=\"tel:+41 21 800 47 38\">+41 21 800 47 38<\/a><br \/> Mobile <a href=\"tel:+41 79 276 30 47\">+41 79 276 30 47<\/a><br \/> <a href=\"mailto:jean-daniel@coeytaux-vins.ch\">jean-daniel@coeytaux-vins.ch<\/a><\/p>\n<p>[\/et_pb_text][et_pb_text admin_label=&#8221;Contact List&#8221; _builder_version=&#8221;4.16&#8243; text_line_height=&#8221;1em&#8221; text_orientation=&#8221;center&#8221; custom_padding_tablet=&#8221;|5vw||5vw|false|true&#8221; custom_padding_phone=&#8221;&#8221; custom_padding_last_edited=&#8221;on|desktop&#8221; global_colors_info=&#8221;{}&#8221;]<\/p>\n<p><strong>O\u00f9 nous trouver:<br \/><\/strong>Depuis Lausanne: Sortie autoroute Morges-Ouest<br \/> Depuis Gen\u00e8ve: Sortie autoroute Morges<br \/> Suivre direction Bi\u00e8re &gt; Bussy &gt; Yens<br \/> \u00c0 Yens, au centre du village, au-dessous de l&#8217;\u00e9glise, c\u00f4t\u00e9 lac<\/p>\n<p>[\/et_pb_text][et_pb_blurb url=&#8221;#form&#8221; use_icon=&#8221;on&#8221; font_icon=&#8221;&#x47;||divi||400&#8243; icon_color=&#8221;#56735a&#8221; image_icon_width=&#8221;50px&#8221; _builder_version=&#8221;4.16&#8243; icon_font_size=&#8221;50px&#8221; locked=&#8221;off&#8221; global_colors_info=&#8221;{}&#8221;][\/et_pb_blurb][\/et_pb_column][\/et_pb_row][\/et_pb_section][et_pb_section fb_built=&#8221;1&#8243; custom_padding_last_edited=&#8221;on|desktop&#8221; _builder_version=&#8221;4.16&#8243; _module_preset=&#8221;default&#8221; background_color=&#8221;#dadbdc&#8221; custom_margin=&#8221;0px||0px||true|false&#8221; custom_padding=&#8221;0px||0px||true|false&#8221; custom_padding_tablet=&#8221;|5vw||5vw|false|true&#8221; custom_padding_phone=&#8221;&#8221; global_colors_info=&#8221;{}&#8221;][et_pb_row module_id=&#8221;form&#8221; module_class=&#8221;anchor&#8221; _builder_version=&#8221;4.16&#8243; _module_preset=&#8221;default&#8221; width=&#8221;100%&#8221; max_width=&#8221;100%&#8221; module_alignment=&#8221;center&#8221; min_height=&#8221;0px&#8221; height=&#8221;0px&#8221; max_height=&#8221;0px&#8221; custom_margin=&#8221;0px|0px|0px|0px|true|true&#8221; custom_padding=&#8221;0px|0px|0px|0px|true|true&#8221; locked=&#8221;off&#8221; global_colors_info=&#8221;{}&#8221;][et_pb_column type=&#8221;4_4&#8243; _builder_version=&#8221;4.16&#8243; _module_preset=&#8221;default&#8221; custom_padding=&#8221;0px||0px|0px|true|false&#8221; global_colors_info=&#8221;{}&#8221;][et_pb_divider show_divider=&#8221;off&#8221; _builder_version=&#8221;4.16&#8243; _module_preset=&#8221;default&#8221; module_alignment=&#8221;center&#8221; min_height=&#8221;0px&#8221; height=&#8221;0px&#8221; max_height=&#8221;0px&#8221; custom_margin=&#8221;0px|0px|0px|0px|true|true&#8221; custom_padding=&#8221;0px|0px|0px|0px|true|true&#8221; global_colors_info=&#8221;{}&#8221;][\/et_pb_divider][\/et_pb_column][\/et_pb_row][et_pb_row _builder_version=&#8221;4.16&#8243; _module_preset=&#8221;default&#8221; global_colors_info=&#8221;{}&#8221;][et_pb_column type=&#8221;4_4&#8243; _builder_version=&#8221;4.16&#8243; _module_preset=&#8221;default&#8221; global_colors_info=&#8221;{}&#8221;][et_pb_text admin_label=&#8221;Title&#8221; _builder_version=&#8221;4.16&#8243; text_orientation=&#8221;center&#8221; custom_margin=&#8221;||15px||false|false&#8221; text_orientation_tablet=&#8221;center&#8221; text_orientation_phone=&#8221;&#8221; text_orientation_last_edited=&#8221;on|desktop&#8221; locked=&#8221;off&#8221; global_colors_info=&#8221;{}&#8221;]<\/p>\n<h2>Formulaire De Contact<\/h2>\n<p>[\/et_pb_text][et_pb_code module_class=&#8221;greyBG&#8221; _builder_version=&#8221;4.16&#8243; global_colors_info=&#8221;{}&#8221;]\n<div class=\"wpcf7 no-js\" id=\"wpcf7-f2033-o1\" lang=\"fr-FR\" dir=\"ltr\">\n<div class=\"screen-reader-response\"><p role=\"status\" aria-live=\"polite\" aria-atomic=\"true\"><\/p> <ul><\/ul><\/div>\n<form action=\"\/fr\/wp-json\/wp\/v2\/pages\/441#wpcf7-f2033-o1\" method=\"post\" class=\"wpcf7-form init\" aria-label=\"Formulaire de contact\" novalidate=\"novalidate\" data-status=\"init\">\n<div style=\"display: none;\">\n<input type=\"hidden\" name=\"_wpcf7\" value=\"2033\" \/>\n<input type=\"hidden\" name=\"_wpcf7_version\" value=\"5.8.2\" \/>\n<input type=\"hidden\" name=\"_wpcf7_locale\" value=\"fr_FR\" \/>\n<input type=\"hidden\" name=\"_wpcf7_unit_tag\" value=\"wpcf7-f2033-o1\" \/>\n<input type=\"hidden\" name=\"_wpcf7_container_post\" value=\"0\" \/>\n<input type=\"hidden\" name=\"_wpcf7_posted_data_hash\" value=\"\" \/>\n<input type=\"hidden\" name=\"_wpcf7_recaptcha_response\" value=\"\" \/>\n<\/div>\n<div id=\"formulaire-responsive\" class=\"clearfix\">\n\t<div class=\"rang-form\">\n\t\t<div class=\"demi-colonne\">\n\t\t\t<p><label><span class=\"wpcf7-form-control-wrap\" data-name=\"politesse\"><select class=\"wpcf7-form-control wpcf7-select wpcf7-validates-as-required\" aria-required=\"true\" aria-invalid=\"false\" name=\"politesse\"><option value=\"Monsieur\">Monsieur<\/option><option value=\"Madame\">Madame<\/option><option value=\"Mademoiselle\">Mademoiselle<\/option><\/select><\/span><\/label>\n\t\t\t<\/p>\n\t\t<\/div>\n\t\t<div class=\"demi-colonne\">\n\t\t\t<p><label><span class=\"wpcf7-form-control-wrap\" data-name=\"your-societe\"><input size=\"40\" class=\"wpcf7-form-control wpcf7-text\" aria-invalid=\"false\" placeholder=\"Soci\u00e9t\u00e9\" value=\"\" type=\"text\" name=\"your-societe\" \/><\/span><\/label>\n\t\t\t<\/p>\n\t\t<\/div>\n\t<\/div>\n\t<div class=\"rang-form\">\n\t\t<div class=\"demi-colonne\">\n\t\t\t<p><label><span class=\"wpcf7-form-control-wrap\" data-name=\"first-name\"><input size=\"40\" class=\"wpcf7-form-control wpcf7-text wpcf7-validates-as-required\" aria-required=\"true\" aria-invalid=\"false\" placeholder=\"Nom\" value=\"\" type=\"text\" name=\"first-name\" \/><\/span><\/label>\n\t\t\t<\/p>\n\t\t<\/div>\n\t\t<div class=\"demi-colonne\">\n\t\t\t<p><label><span class=\"wpcf7-form-control-wrap\" data-name=\"last-name\"><input size=\"40\" class=\"wpcf7-form-control wpcf7-text wpcf7-validates-as-required\" aria-required=\"true\" aria-invalid=\"false\" placeholder=\"Pr\u00e9nom\" value=\"\" type=\"text\" name=\"last-name\" \/><\/span><\/label>\n\t\t\t<\/p>\n\t\t<\/div>\n\t<\/div>\n\t<div class=\"rang-form\">\n\t\t<div class=\"demi-colonne\">\n\t\t\t<p><label><span class=\"wpcf7-form-control-wrap\" data-name=\"your-adress\"><input size=\"40\" class=\"wpcf7-form-control wpcf7-text wpcf7-validates-as-required\" aria-required=\"true\" aria-invalid=\"false\" placeholder=\"Adresse\" value=\"\" type=\"text\" name=\"your-adress\" \/><\/span><\/label>\n\t\t\t<\/p>\n\t\t<\/div>\n\t\t<div class=\"demi-colonne\">\n\t\t\t<p><label><span class=\"wpcf7-form-control-wrap\" data-name=\"your-NPA\"><input size=\"40\" class=\"wpcf7-form-control wpcf7-text wpcf7-validates-as-required\" aria-required=\"true\" aria-invalid=\"false\" placeholder=\"NPA &amp; Localit\u00e9\" value=\"\" type=\"text\" name=\"your-NPA\" \/><\/span><\/label>\n\t\t\t<\/p>\n\t\t<\/div>\n\t<\/div>\n\t<div class=\"rang-form\">\n\t\t<div class=\"demi-colonne\">\n\t\t\t<p><label>E-mail<span class=\"wpcf7-form-control-wrap\" data-name=\"your-email\"><input size=\"40\" class=\"wpcf7-form-control wpcf7-email wpcf7-validates-as-required wpcf7-text wpcf7-validates-as-email\" aria-required=\"true\" aria-invalid=\"false\" placeholder=\"E-mail\" value=\"\" type=\"email\" name=\"your-email\" \/><\/span><\/label>\n\t\t\t<\/p>\n\t\t<\/div>\n<!--<div class=\"demi-colonne\"><label>Date d'anniversaire<span class=\"wpcf7-form-control-wrap\" data-name=\"birthday\"><input size=\"40\" class=\"wpcf7-form-control wpcf7-text cf7-datepicker\" aria-invalid=\"false\" value=\"\" type=\"text\" name=\"birthday\" \/><\/span><\/label><\/div>-->\n\t\t<div class=\"demi-colonne\">\n\t\t\t<p><label>Date d'anniversaire<span class=\"wpcf7-form-control-wrap\" data-name=\"birthday\"><input size=\"40\" class=\"wpcf7-form-control wpcf7-text customDate\" aria-invalid=\"false\" placeholder=\"jj.mm.aaaa\" value=\"\" type=\"text\" name=\"birthday\" \/><\/span><\/label>\n\t\t\t<\/p>\n\t\t<\/div>\n\t<\/div>\n\t<div class=\"rang-form\">\n\t\t<div class=\"colonne\">\n\t\t\t<p><label><span class=\"wpcf7-form-control-wrap\" data-name=\"your-phone\"><input size=\"40\" class=\"wpcf7-form-control wpcf7-text\" aria-invalid=\"false\" placeholder=\"T\u00e9l\u00e9phone\" value=\"\" type=\"text\" name=\"your-phone\" \/><\/span><\/label>\n\t\t\t<\/p>\n\t\t<\/div>\n\t<\/div>\n\t<div class=\"rang-form\">\n\t\t<div class=\"colonne\">\n\t\t\t<p><label><span class=\"wpcf7-form-control-wrap\" data-name=\"your-message\"><textarea cols=\"40\" rows=\"10\" class=\"wpcf7-form-control wpcf7-textarea wpcf7-validates-as-required\" aria-required=\"true\" aria-invalid=\"false\" placeholder=\"Message\" name=\"your-message\"><\/textarea><\/span><\/label>\n\t\t\t<\/p>\n\t\t<\/div>\n\t<\/div>\n\t<div class=\"rang-form\">\n\t\t<div class=\"colonne\">\n\t\t\t<p><input class=\"wpcf7-form-control wpcf7-submit has-spinner\" type=\"submit\" value=\"Envoyer\" \/>\n\t\t\t<\/p>\n\t\t<\/div>\n\t<\/div>\n\t<p><span class=\"googleTerms\">This site is protected by reCAPTCHA and the Google <a href=\"https:\/\/policies.google.com\/privacy\">Privacy Policy<\/a> and <a href=\"https:\/\/policies.google.com\/terms\">Terms of Service<\/a> apply.<\/span>\n\t<\/p>\n<\/div><div class=\"wpcf7-response-output\" aria-hidden=\"true\"><\/div>\n<\/form>\n<\/div>\n[\/et_pb_code][\/et_pb_column][\/et_pb_row][\/et_pb_section]<\/p>\n","protected":false},"excerpt":{"rendered":"<p>Cave Jean-Daniel Coeytaux Rue du Ch\u00e2teau 4 1169 Yens-s\/MorgesRue du Ch\u00e2teau 4, 1169 Yens-s\/Morges, Suisse T\u00e9l. +41 21 800 47 38 Mobile +41 79 276 30 47 jean-daniel@coeytaux-vins.chO\u00f9 nous trouver:Depuis Lausanne: Sortie autoroute Morges-Ouest Depuis Gen\u00e8ve: Sortie autoroute Morges Suivre direction Bi\u00e8re &gt; Bussy &gt; Yens \u00c0 Yens, au centre du village, au-dessous de l&#8217;\u00e9glise, [&hellip;]<\/p>\n","protected":false},"author":1,"featured_media":0,"parent":0,"menu_order":17,"comment_status":"closed","ping_status":"closed","template":"","meta":{"_et_pb_use_builder":"on","_et_pb_old_content":"","_et_gb_content_width":"","inline_featured_image":false,"footnotes":""},"yoast_head":"<!-- This site is optimized with the Yoast SEO plugin v21.5 - https:\/\/yoast.com\/wordpress\/plugins\/seo\/ -->\n<title>Coeytaux Jean-Daniel - Vigneron - Encaveur - Contact<\/title>\n<meta name=\"robots\" content=\"index, follow, max-snippet:-1, max-image-preview:large, max-video-preview:-1\" \/>\n<link rel=\"canonical\" href=\"https:\/\/create.coeytaux-vins.ch\/fr\/contact\/\" \/>\n<meta property=\"og:locale\" content=\"fr_FR\" \/>\n<meta property=\"og:type\" content=\"article\" \/>\n<meta property=\"og:title\" content=\"Coeytaux Jean-Daniel - Vigneron - Encaveur - Contact\" \/>\n<meta property=\"og:description\" content=\"Cave Jean-Daniel Coeytaux Rue du Ch\u00e2teau 4 1169 Yens-s\/MorgesRue du Ch\u00e2teau 4, 1169 Yens-s\/Morges, Suisse T\u00e9l. +41 21 800 47 38 Mobile +41 79 276 30 47 jean-daniel@coeytaux-vins.chO\u00f9 nous trouver:Depuis Lausanne: Sortie autoroute Morges-Ouest Depuis Gen\u00e8ve: Sortie autoroute Morges Suivre direction Bi\u00e8re &gt; Bussy &gt; Yens \u00c0 Yens, au centre du village, au-dessous de l&#039;\u00e9glise, [&hellip;]\" \/>\n<meta property=\"og:url\" content=\"https:\/\/create.coeytaux-vins.ch\/fr\/contact\/\" \/>\n<meta property=\"og:site_name\" content=\"Coeytaux Jean-Daniel\" \/>\n<meta property=\"article:publisher\" content=\"https:\/\/www.facebook.com\/cavejeandaniel.coeytaux\" \/>\n<meta property=\"article:modified_time\" content=\"2023-10-04T14:08:59+00:00\" \/>\n<meta property=\"og:image\" content=\"https:\/\/create.coeytaux-vins.ch\/wp-content\/uploads\/2020\/04\/Logo-Cave-Jean-Daniel-Coeytaux-Vigneron-Encaveur-300x211.png\" \/>\n<meta name=\"twitter:card\" content=\"summary_large_image\" \/>\n<meta name=\"twitter:site\" content=\"@CaveJDC\" \/>\n<meta name=\"twitter:label1\" content=\"Dur\u00e9e de lecture estim\u00e9e\" \/>\n\t<meta name=\"twitter:data1\" content=\"4 minutes\" \/>\n<script type=\"application\/ld+json\" class=\"yoast-schema-graph\">{\"@context\":\"https:\/\/schema.org\",\"@graph\":[{\"@type\":\"WebPage\",\"@id\":\"https:\/\/create.coeytaux-vins.ch\/fr\/contact\/\",\"url\":\"https:\/\/create.coeytaux-vins.ch\/fr\/contact\/\",\"name\":\"Coeytaux Jean-Daniel - Vigneron - Encaveur - Contact\",\"isPartOf\":{\"@id\":\"https:\/\/create.coeytaux-vins.ch\/fr\/#website\"},\"datePublished\":\"2020-02-17T14:01:24+00:00\",\"dateModified\":\"2023-10-04T14:08:59+00:00\",\"breadcrumb\":{\"@id\":\"https:\/\/create.coeytaux-vins.ch\/fr\/contact\/#breadcrumb\"},\"inLanguage\":\"fr-FR\",\"potentialAction\":[{\"@type\":\"ReadAction\",\"target\":[\"https:\/\/create.coeytaux-vins.ch\/fr\/contact\/\"]}]},{\"@type\":\"BreadcrumbList\",\"@id\":\"https:\/\/create.coeytaux-vins.ch\/fr\/contact\/#breadcrumb\",\"itemListElement\":[{\"@type\":\"ListItem\",\"position\":1,\"name\":\"Accueil\",\"item\":\"https:\/\/create.coeytaux-vins.ch\/fr\/\"},{\"@type\":\"ListItem\",\"position\":2,\"name\":\"Contact\"}]},{\"@type\":\"WebSite\",\"@id\":\"https:\/\/create.coeytaux-vins.ch\/fr\/#website\",\"url\":\"https:\/\/create.coeytaux-vins.ch\/fr\/\",\"name\":\"Coeytaux Jean-Daniel\",\"description\":\"Jean Daniel Coeytaux, Vigneron-Encaveur, Rue du Ch\u00e2teau 4, 1169 Yens-s\/Morges, Tel +41 21 800 47 38, Fax +41 21 800 47 57, Natel +41 79 276 30 47, jean-daniel@coeytaux-vins.ch\",\"publisher\":{\"@id\":\"https:\/\/create.coeytaux-vins.ch\/fr\/#organization\"},\"potentialAction\":[{\"@type\":\"SearchAction\",\"target\":{\"@type\":\"EntryPoint\",\"urlTemplate\":\"https:\/\/create.coeytaux-vins.ch\/fr\/?s={search_term_string}\"},\"query-input\":\"required name=search_term_string\"}],\"inLanguage\":\"fr-FR\"},{\"@type\":\"Organization\",\"@id\":\"https:\/\/create.coeytaux-vins.ch\/fr\/#organization\",\"name\":\"Jean-Daniel Coeytaux\",\"url\":\"https:\/\/create.coeytaux-vins.ch\/fr\/\",\"logo\":{\"@type\":\"ImageObject\",\"inLanguage\":\"fr-FR\",\"@id\":\"https:\/\/create.coeytaux-vins.ch\/fr\/#\/schema\/logo\/image\/\",\"url\":\"https:\/\/create.coeytaux-vins.ch\/wp-content\/uploads\/2020\/08\/Logo-Cave-Jean-Daniel-Coeytaux-Vigneron-Encaveur-e1598877479575.png\",\"contentUrl\":\"https:\/\/create.coeytaux-vins.ch\/wp-content\/uploads\/2020\/08\/Logo-Cave-Jean-Daniel-Coeytaux-Vigneron-Encaveur-e1598877479575.png\",\"width\":250,\"height\":176,\"caption\":\"Jean-Daniel Coeytaux\"},\"image\":{\"@id\":\"https:\/\/create.coeytaux-vins.ch\/fr\/#\/schema\/logo\/image\/\"},\"sameAs\":[\"https:\/\/www.facebook.com\/cavejeandaniel.coeytaux\",\"https:\/\/twitter.com\/CaveJDC\",\"https:\/\/www.instagram.com\/cave_jean_daniel_coeytaux\/\"]}]}<\/script>\n<!-- \/ Yoast SEO plugin. -->","yoast_head_json":{"title":"Coeytaux Jean-Daniel - Vigneron - Encaveur - Contact","robots":{"index":"index","follow":"follow","max-snippet":"max-snippet:-1","max-image-preview":"max-image-preview:large","max-video-preview":"max-video-preview:-1"},"canonical":"https:\/\/create.coeytaux-vins.ch\/fr\/contact\/","og_locale":"fr_FR","og_type":"article","og_title":"Coeytaux Jean-Daniel - Vigneron - Encaveur - Contact","og_description":"Cave Jean-Daniel Coeytaux Rue du Ch\u00e2teau 4 1169 Yens-s\/MorgesRue du Ch\u00e2teau 4, 1169 Yens-s\/Morges, Suisse T\u00e9l. +41 21 800 47 38 Mobile +41 79 276 30 47 jean-daniel@coeytaux-vins.chO\u00f9 nous trouver:Depuis Lausanne: Sortie autoroute Morges-Ouest Depuis Gen\u00e8ve: Sortie autoroute Morges Suivre direction Bi\u00e8re &gt; Bussy &gt; Yens \u00c0 Yens, au centre du village, au-dessous de l'\u00e9glise, [&hellip;]","og_url":"https:\/\/create.coeytaux-vins.ch\/fr\/contact\/","og_site_name":"Coeytaux Jean-Daniel","article_publisher":"https:\/\/www.facebook.com\/cavejeandaniel.coeytaux","article_modified_time":"2023-10-04T14:08:59+00:00","og_image":[{"url":"https:\/\/create.coeytaux-vins.ch\/wp-content\/uploads\/2020\/04\/Logo-Cave-Jean-Daniel-Coeytaux-Vigneron-Encaveur-300x211.png"}],"twitter_card":"summary_large_image","twitter_site":"@CaveJDC","twitter_misc":{"Dur\u00e9e de lecture estim\u00e9e":"4 minutes"},"schema":{"@context":"https:\/\/schema.org","@graph":[{"@type":"WebPage","@id":"https:\/\/create.coeytaux-vins.ch\/fr\/contact\/","url":"https:\/\/create.coeytaux-vins.ch\/fr\/contact\/","name":"Coeytaux Jean-Daniel - Vigneron - Encaveur - Contact","isPartOf":{"@id":"https:\/\/create.coeytaux-vins.ch\/fr\/#website"},"datePublished":"2020-02-17T14:01:24+00:00","dateModified":"2023-10-04T14:08:59+00:00","breadcrumb":{"@id":"https:\/\/create.coeytaux-vins.ch\/fr\/contact\/#breadcrumb"},"inLanguage":"fr-FR","potentialAction":[{"@type":"ReadAction","target":["https:\/\/create.coeytaux-vins.ch\/fr\/contact\/"]}]},{"@type":"BreadcrumbList","@id":"https:\/\/create.coeytaux-vins.ch\/fr\/contact\/#breadcrumb","itemListElement":[{"@type":"ListItem","position":1,"name":"Accueil","item":"https:\/\/create.coeytaux-vins.ch\/fr\/"},{"@type":"ListItem","position":2,"name":"Contact"}]},{"@type":"WebSite","@id":"https:\/\/create.coeytaux-vins.ch\/fr\/#website","url":"https:\/\/create.coeytaux-vins.ch\/fr\/","name":"Coeytaux Jean-Daniel","description":"Jean Daniel Coeytaux, Vigneron-Encaveur, Rue du Ch\u00e2teau 4, 1169 Yens-s\/Morges, Tel +41 21 800 47 38, Fax +41 21 800 47 57, Natel +41 79 276 30 47, jean-daniel@coeytaux-vins.ch","publisher":{"@id":"https:\/\/create.coeytaux-vins.ch\/fr\/#organization"},"potentialAction":[{"@type":"SearchAction","target":{"@type":"EntryPoint","urlTemplate":"https:\/\/create.coeytaux-vins.ch\/fr\/?s={search_term_string}"},"query-input":"required name=search_term_string"}],"inLanguage":"fr-FR"},{"@type":"Organization","@id":"https:\/\/create.coeytaux-vins.ch\/fr\/#organization","name":"Jean-Daniel Coeytaux","url":"https:\/\/create.coeytaux-vins.ch\/fr\/","logo":{"@type":"ImageObject","inLanguage":"fr-FR","@id":"https:\/\/create.coeytaux-vins.ch\/fr\/#\/schema\/logo\/image\/","url":"https:\/\/create.coeytaux-vins.ch\/wp-content\/uploads\/2020\/08\/Logo-Cave-Jean-Daniel-Coeytaux-Vigneron-Encaveur-e1598877479575.png","contentUrl":"https:\/\/create.coeytaux-vins.ch\/wp-content\/uploads\/2020\/08\/Logo-Cave-Jean-Daniel-Coeytaux-Vigneron-Encaveur-e1598877479575.png","width":250,"height":176,"caption":"Jean-Daniel Coeytaux"},"image":{"@id":"https:\/\/create.coeytaux-vins.ch\/fr\/#\/schema\/logo\/image\/"},"sameAs":["https:\/\/www.facebook.com\/cavejeandaniel.coeytaux","https:\/\/twitter.com\/CaveJDC","https:\/\/www.instagram.com\/cave_jean_daniel_coeytaux\/"]}]}},"_links":{"self":[{"href":"https:\/\/create.coeytaux-vins.ch\/fr\/wp-json\/wp\/v2\/pages\/441"}],"collection":[{"href":"https:\/\/create.coeytaux-vins.ch\/fr\/wp-json\/wp\/v2\/pages"}],"about":[{"href":"https:\/\/create.coeytaux-vins.ch\/fr\/wp-json\/wp\/v2\/types\/page"}],"author":[{"embeddable":true,"href":"https:\/\/create.coeytaux-vins.ch\/fr\/wp-json\/wp\/v2\/users\/1"}],"replies":[{"embeddable":true,"href":"https:\/\/create.coeytaux-vins.ch\/fr\/wp-json\/wp\/v2\/comments?post=441"}],"version-history":[{"count":28,"href":"https:\/\/create.coeytaux-vins.ch\/fr\/wp-json\/wp\/v2\/pages\/441\/revisions"}],"predecessor-version":[{"id":23316,"href":"https:\/\/create.coeytaux-vins.ch\/fr\/wp-json\/wp\/v2\/pages\/441\/revisions\/23316"}],"wp:attachment":[{"href":"https:\/\/create.coeytaux-vins.ch\/fr\/wp-json\/wp\/v2\/media?parent=441"}],"curies":[{"name":"wp","href":"https:\/\/api.w.org\/{rel}","templated":true}]}}