{"id":437,"date":"2020-02-17T13:59:16","date_gmt":"2020-02-17T13:59:16","guid":{"rendered":"http:\/\/localhost\/jdc_yens\/?page_id=437"},"modified":"2023-10-04T14:50:02","modified_gmt":"2023-10-04T13:50:02","slug":"presentation","status":"publish","type":"page","link":"https:\/\/create.coeytaux-vins.ch\/fr\/presentation\/","title":{"rendered":"Pr\u00e9sentation"},"content":{"rendered":"<p>[et_pb_section fb_built=&#8221;1&#8243; module_id=&#8221;part1&#8243; _builder_version=&#8221;4.16&#8243; background_enable_color=&#8221;off&#8221; custom_padding=&#8221;0px|0px|0px|0px|false|false&#8221; global_colors_info=&#8221;{}&#8221;][et_pb_row column_structure=&#8221;1_2,1_2&#8243; use_custom_gutter=&#8221;on&#8221; gutter_width=&#8221;1&#8243; make_equal=&#8221;on&#8221; _builder_version=&#8221;4.16&#8243; width=&#8221;100%&#8221; max_width=&#8221;100%&#8221; custom_padding=&#8221;0px|0px|0px|0px|false|false&#8221; global_colors_info=&#8221;{}&#8221;][et_pb_column type=&#8221;1_2&#8243; admin_label=&#8221;Left&#8221; _builder_version=&#8221;4.16&#8243; custom_padding=&#8221;0px|0px|0px|0px|true|true&#8221; custom_padding_tablet=&#8221;|0vw||0vw|true|true&#8221; custom_padding_phone=&#8221;&#8221; custom_padding_last_edited=&#8221;on|desktop&#8221; global_colors_info=&#8221;{}&#8221;][et_pb_slider show_arrows_tablet=&#8221;off&#8221; show_arrows_phone=&#8221;off&#8221; show_arrows_last_edited=&#8221;on|desktop&#8221; module_class=&#8221;et_fullscreen_slider fullheight-slider&#8221; _builder_version=&#8221;4.22.2&#8243; min_height=&#8221;100%&#8221; min_height_tablet=&#8221;500px&#8221; min_height_phone=&#8221;500px&#8221; min_height_last_edited=&#8221;on|desktop&#8221; height=&#8221;100%&#8221; custom_margin=&#8221;|||-60px|false|false&#8221; custom_margin_tablet=&#8221;|||-15px|false|false&#8221; custom_margin_phone=&#8221;&#8221; custom_margin_last_edited=&#8221;on|desktop&#8221; auto=&#8221;on&#8221; auto_speed=&#8221;3000&#8243; auto_ignore_hover=&#8221;on&#8221; hover_enabled=&#8221;0&#8243; locked=&#8221;off&#8221; global_colors_info=&#8221;{}&#8221; sticky_enabled=&#8221;0&#8243;][et_pb_slide admin_title=&#8221;image1&#8243; _builder_version=&#8221;4.16&#8243; background_image=&#8221;https:\/\/create.coeytaux-vins.ch\/wp-content\/uploads\/2020\/03\/Photo-de-Jean-Daniel-1.jpg&#8221; background_enable_image=&#8221;on&#8221; locked=&#8221;off&#8221; global_colors_info=&#8221;{}&#8221; sticky_transition=&#8221;on&#8221;][\/et_pb_slide][et_pb_slide admin_title=&#8221;image2&#8243; _builder_version=&#8221;4.16&#8243; background_image=&#8221;https:\/\/create.coeytaux-vins.ch\/wp-content\/uploads\/2020\/03\/Yves_Burdet\u00a9-014web.jpg&#8221; background_enable_image=&#8221;on&#8221; locked=&#8221;off&#8221; global_colors_info=&#8221;{}&#8221; sticky_transition=&#8221;on&#8221;][\/et_pb_slide][et_pb_slide admin_title=&#8221;image3&#8243; _builder_version=&#8221;4.16&#8243; background_image=&#8221;https:\/\/create.coeytaux-vins.ch\/wp-content\/uploads\/2020\/02\/Photo-8.jpg&#8221; background_enable_image=&#8221;on&#8221; locked=&#8221;off&#8221; global_colors_info=&#8221;{}&#8221; sticky_transition=&#8221;on&#8221;][\/et_pb_slide][\/et_pb_slider][\/et_pb_column][et_pb_column type=&#8221;1_2&#8243; admin_label=&#8221;Right&#8221; _builder_version=&#8221;4.16&#8243; custom_padding=&#8221;40px|5vw|40px|5vw|true|true&#8221; custom_padding_tablet=&#8221;&#8221; custom_padding_phone=&#8221;&#8221; custom_padding_last_edited=&#8221;on|desktop&#8221; global_colors_info=&#8221;{}&#8221;][et_pb_text admin_label=&#8221;Title&#8221; _builder_version=&#8221;4.16&#8243; custom_margin=&#8221;||15px||false|false&#8221; text_orientation_tablet=&#8221;center&#8221; text_orientation_phone=&#8221;&#8221; text_orientation_last_edited=&#8221;on|desktop&#8221; global_colors_info=&#8221;{}&#8221;]<\/p>\n<h2>Domaine &amp; caveau<\/h2>\n<p>[\/et_pb_text][et_pb_text _builder_version=&#8221;4.16&#8243; text_orientation_tablet=&#8221;center&#8221; text_orientation_phone=&#8221;&#8221; text_orientation_last_edited=&#8221;on|desktop&#8221; global_colors_info=&#8221;{}&#8221;]<\/p>\n<p>Notre domaine viticole est situ\u00e9 sur la commune de Yens, district de Morges.<\/p>\n<p>Du haut de sa colline, notre village surplombe le bassin l\u00e9manique. Le village b\u00e9n\u00e9ficie d\u2019une vue imprenable sur l\u2019ensemble du lac L\u00e9man et des Alpes.<\/p>\n<p>Notre domaine se compose de 8 hectares de vignes faisant partie de l\u2019Association \u00abVins de Morges\u00bb situ\u00e9 sur l\u2019appellation d\u2019origine contr\u00f4l\u00e9e (AOC) \u00abLa C\u00f4te\u00bb.<\/p>\n<p>Respectueux de l\u2019environnement, les vignes, conduites en mi-hautes, sont cultiv\u00e9es selon les principes et normes de la \u00abProduction Int\u00e9gr\u00e9e\u00bb (PI) et selon le cahier des charges \u00abVinatura\u00bb.<\/p>\n<p>Tous nos vins sont issus de nos parchets. Ils sont \u00e9lev\u00e9s et mis en bouteilles dans les caves du domaine et portent tous la mention \u00abGrand Cru\u00bb (certification de la provenance du raisin et de sa qualit\u00e9). De la culture \u00e0 la mise en bouteille, toutes les \u00e9tapes sont r\u00e9alis\u00e9es au domaine.<\/p>\n<p>Cave ouverte tous les samedis matin, de 10h \u00e0 13h ou sur simple rendez-vous.<br \/>Capacit\u00e9 d\u2019accueil : 40 places assises<br \/>Pour tous renseignements et d\u00e9lais : <a href=\"https:\/\/create.coeytaux-vins.ch\/contact\/\">contactez-nous<\/a><\/p>\n<p>[\/et_pb_text][et_pb_blurb url=&#8221;#part2&#8243; use_icon=&#8221;on&#8221; font_icon=&#8221;&#x47;||divi||400&#8243; icon_color=&#8221;#56735a&#8221; image_icon_width=&#8221;50px&#8221; _builder_version=&#8221;4.16&#8243; custom_margin=&#8221;50px||||false|false&#8221; custom_padding=&#8221;||||false|false&#8221; icon_font_size=&#8221;50px&#8221; global_colors_info=&#8221;{}&#8221;][\/et_pb_blurb][\/et_pb_column][\/et_pb_row][\/et_pb_section][et_pb_section fb_built=&#8221;1&#8243; custom_padding_last_edited=&#8221;off|tablet&#8221; _builder_version=&#8221;4.16&#8243; background_enable_color=&#8221;off&#8221; custom_padding=&#8221;0px|0px|0px|0px|false|false&#8221; global_colors_info=&#8221;{}&#8221;][et_pb_row module_id=&#8221;part2&#8243; module_class=&#8221;anchor&#8221; _builder_version=&#8221;4.16&#8243; _module_preset=&#8221;default&#8221; width=&#8221;100%&#8221; max_width=&#8221;100%&#8221; module_alignment=&#8221;center&#8221; min_height=&#8221;0px&#8221; height=&#8221;0px&#8221; max_height=&#8221;0px&#8221; custom_margin=&#8221;0px|0px|0px|0px|true|true&#8221; custom_padding=&#8221;0px|0px|0px|0px|true|true&#8221; locked=&#8221;off&#8221; global_colors_info=&#8221;{}&#8221;][et_pb_column type=&#8221;4_4&#8243; _builder_version=&#8221;4.16&#8243; _module_preset=&#8221;default&#8221; custom_padding=&#8221;0px||0px|0px|true|false&#8221; global_colors_info=&#8221;{}&#8221;][et_pb_divider show_divider=&#8221;off&#8221; _builder_version=&#8221;4.16&#8243; _module_preset=&#8221;default&#8221; module_alignment=&#8221;center&#8221; min_height=&#8221;0px&#8221; height=&#8221;0px&#8221; max_height=&#8221;0px&#8221; custom_margin=&#8221;0px|0px|0px|0px|true|true&#8221; custom_padding=&#8221;0px|0px|0px|0px|true|true&#8221; global_colors_info=&#8221;{}&#8221;][\/et_pb_divider][\/et_pb_column][\/et_pb_row][et_pb_row column_structure=&#8221;1_2,1_2&#8243; use_custom_gutter=&#8221;on&#8221; gutter_width=&#8221;1&#8243; make_equal=&#8221;on&#8221; module_class=&#8221;mobile-reverse&#8221; _builder_version=&#8221;4.16&#8243; width=&#8221;100%&#8221; max_width=&#8221;100%&#8221; custom_padding=&#8221;0px|0px|0px|0px|false|false&#8221; global_colors_info=&#8221;{}&#8221;][et_pb_column type=&#8221;1_2&#8243; admin_label=&#8221;Left&#8221; _builder_version=&#8221;4.16&#8243; custom_padding=&#8221;40px|5vw|40px|5vw|true|true&#8221; custom_padding_tablet=&#8221;40px||||false|false&#8221; custom_padding_phone=&#8221;&#8221; custom_padding_last_edited=&#8221;on|phone&#8221; global_colors_info=&#8221;{}&#8221;][et_pb_text admin_label=&#8221;Heading&#8221; _builder_version=&#8221;4.16&#8243; header_2_font_size=&#8221;51px&#8221; custom_margin=&#8221;||15px||false|false&#8221; header_2_font_size_tablet=&#8221;38px&#8221; header_2_font_size_phone=&#8221;28px&#8221; header_2_font_size_last_edited=&#8221;on|desktop&#8221; text_orientation_tablet=&#8221;center&#8221; text_orientation_phone=&#8221;&#8221; text_orientation_last_edited=&#8221;on|desktop&#8221; global_colors_info=&#8221;{}&#8221;]<\/p>\n<h2>Notre histoire<\/h2>\n<p>[\/et_pb_text][et_pb_text _builder_version=&#8221;4.16&#8243; text_orientation_tablet=&#8221;center&#8221; text_orientation_phone=&#8221;&#8221; text_orientation_last_edited=&#8221;on|desktop&#8221; global_colors_info=&#8221;{}&#8221;]<\/p>\n<p>Le domaine a \u00e9t\u00e9 repris dans les ann\u00e9es 1950 par M. Henri Coeytaux. Il a \u00e9t\u00e9 exploit\u00e9 jusqu\u2019en 1974 par ses soins.<\/p>\n<p>D\u00e8s 1974, ce sont ses deux fils, Henri et Jean-Claude Coeytaux qui ont repris l\u2019exploitation du domaine jusqu\u2019en 1995. Durant ces 20 ann\u00e9es, beaucoup de travaux et de modifications ont \u00e9t\u00e9 r\u00e9alis\u00e9s tant au niveau du domaine (remaniements parcellaires) qu\u2019au niveau de la b\u00e2tisse.<\/p>\n<p>En effet, notre maison est une ancienne b\u00e2tisse datant de 1597.<\/p>\n<p>Les premi\u00e8res vinifications et mises en bouteilles au domaine ont eu lieu en 1988, selon le souhait et les voeux de Jean-Daniel Coeytaux, fils de Jean-Claude Coeytaux.<\/p>\n<p>C\u2019est en 1994 que Jean-Daniel Coeytaux reprend l\u2019exploitation agricole (20 ha) et viticole (6 ha).<\/p>\n<p>D\u00e8s 1995, Jean-Daniel, accompagn\u00e9 de son \u00e9pouse Sylvie, d\u00e9veloppe la vinification et l\u2019encavage de la production au domaine. De la vigne \u00e0 la vente des bouteilles, toutes les \u00e9tapes sont r\u00e9alis\u00e9es au domaine.<\/p>\n<p>[\/et_pb_text][\/et_pb_column][et_pb_column type=&#8221;1_2&#8243; admin_label=&#8221;Slider&#8221; _builder_version=&#8221;4.16&#8243; custom_padding=&#8221;0px|0px|0px|0px|false|false&#8221; custom_padding_tablet=&#8221;0px||0px||true|false&#8221; custom_padding_phone=&#8221;||||true&#8221; custom_padding_last_edited=&#8221;on|phone&#8221; global_colors_info=&#8221;{}&#8221;][et_pb_slider show_arrows_tablet=&#8221;off&#8221; show_arrows_phone=&#8221;off&#8221; show_arrows_last_edited=&#8221;on|desktop&#8221; module_class=&#8221;et_fullscreen_slider&#8221; _builder_version=&#8221;4.16&#8243; min_height=&#8221;75vh&#8221; min_height_tablet=&#8221;500px&#8221; min_height_phone=&#8221;500px&#8221; min_height_last_edited=&#8221;on|desktop&#8221; height=&#8221;100%&#8221; custom_margin=&#8221;||||false|false&#8221; custom_margin_tablet=&#8221;||||false|false&#8221; custom_margin_phone=&#8221;&#8221; custom_margin_last_edited=&#8221;on|tablet&#8221; auto=&#8221;on&#8221; auto_speed=&#8221;3000&#8243; auto_ignore_hover=&#8221;on&#8221; global_colors_info=&#8221;{}&#8221;][et_pb_slide _builder_version=&#8221;4.16&#8243; background_image=&#8221;https:\/\/create.coeytaux-vins.ch\/wp-content\/uploads\/2020\/07\/Photo-de-Sylvie-et-Jean-Daniel.jpg&#8221; background_enable_image=&#8221;on&#8221; background_position=&#8221;bottom_center&#8221; global_colors_info=&#8221;{}&#8221; sticky_transition=&#8221;on&#8221;][\/et_pb_slide][\/et_pb_slider][\/et_pb_column][\/et_pb_row][\/et_pb_section]<\/p>\n","protected":false},"excerpt":{"rendered":"<p>Domaine &amp; caveauNotre domaine viticole est situ\u00e9 sur la commune de Yens, district de Morges. Du haut de sa colline, notre village surplombe le bassin l\u00e9manique. Le village b\u00e9n\u00e9ficie d\u2019une vue imprenable sur l\u2019ensemble du lac L\u00e9man et des Alpes. Notre domaine se compose de 8 hectares de vignes faisant partie de l\u2019Association \u00abVins de [&hellip;]<\/p>\n","protected":false},"author":1,"featured_media":0,"parent":0,"menu_order":42,"comment_status":"closed","ping_status":"closed","template":"","meta":{"_et_pb_use_builder":"on","_et_pb_old_content":"","_et_gb_content_width":"","inline_featured_image":false,"footnotes":""},"yoast_head":"<!-- This site is optimized with the Yoast SEO plugin v21.5 - https:\/\/yoast.com\/wordpress\/plugins\/seo\/ -->\n<title>Coeytaux Jean-Daniel - Vigneron - Encaveur - Pr\u00e9sentation<\/title>\n<meta name=\"robots\" content=\"index, follow, max-snippet:-1, max-image-preview:large, max-video-preview:-1\" \/>\n<link rel=\"canonical\" href=\"https:\/\/create.coeytaux-vins.ch\/fr\/presentation\/\" \/>\n<meta property=\"og:locale\" content=\"fr_FR\" \/>\n<meta property=\"og:type\" content=\"article\" \/>\n<meta property=\"og:title\" content=\"Coeytaux Jean-Daniel - Vigneron - Encaveur - Pr\u00e9sentation\" \/>\n<meta property=\"og:description\" content=\"Domaine &amp; caveauNotre domaine viticole est situ\u00e9 sur la commune de Yens, district de Morges. Du haut de sa colline, notre village surplombe le bassin l\u00e9manique. Le village b\u00e9n\u00e9ficie d\u2019une vue imprenable sur l\u2019ensemble du lac L\u00e9man et des Alpes. Notre domaine se compose de 8 hectares de vignes faisant partie de l\u2019Association \u00abVins de [&hellip;]\" \/>\n<meta property=\"og:url\" content=\"https:\/\/create.coeytaux-vins.ch\/fr\/presentation\/\" \/>\n<meta property=\"og:site_name\" content=\"Coeytaux Jean-Daniel\" \/>\n<meta property=\"article:publisher\" content=\"https:\/\/www.facebook.com\/cavejeandaniel.coeytaux\" \/>\n<meta property=\"article:modified_time\" content=\"2023-10-04T13:50:02+00:00\" \/>\n<meta name=\"twitter:card\" content=\"summary_large_image\" \/>\n<meta name=\"twitter:site\" content=\"@CaveJDC\" \/>\n<meta name=\"twitter:label1\" content=\"Dur\u00e9e de lecture estim\u00e9e\" \/>\n\t<meta name=\"twitter:data1\" content=\"6 minutes\" \/>\n<script type=\"application\/ld+json\" class=\"yoast-schema-graph\">{\"@context\":\"https:\/\/schema.org\",\"@graph\":[{\"@type\":\"WebPage\",\"@id\":\"https:\/\/create.coeytaux-vins.ch\/fr\/presentation\/\",\"url\":\"https:\/\/create.coeytaux-vins.ch\/fr\/presentation\/\",\"name\":\"Coeytaux Jean-Daniel - Vigneron - Encaveur - Pr\u00e9sentation\",\"isPartOf\":{\"@id\":\"https:\/\/create.coeytaux-vins.ch\/fr\/#website\"},\"datePublished\":\"2020-02-17T13:59:16+00:00\",\"dateModified\":\"2023-10-04T13:50:02+00:00\",\"breadcrumb\":{\"@id\":\"https:\/\/create.coeytaux-vins.ch\/fr\/presentation\/#breadcrumb\"},\"inLanguage\":\"fr-FR\",\"potentialAction\":[{\"@type\":\"ReadAction\",\"target\":[\"https:\/\/create.coeytaux-vins.ch\/fr\/presentation\/\"]}]},{\"@type\":\"BreadcrumbList\",\"@id\":\"https:\/\/create.coeytaux-vins.ch\/fr\/presentation\/#breadcrumb\",\"itemListElement\":[{\"@type\":\"ListItem\",\"position\":1,\"name\":\"Accueil\",\"item\":\"https:\/\/create.coeytaux-vins.ch\/fr\/\"},{\"@type\":\"ListItem\",\"position\":2,\"name\":\"Pr\u00e9sentation\"}]},{\"@type\":\"WebSite\",\"@id\":\"https:\/\/create.coeytaux-vins.ch\/fr\/#website\",\"url\":\"https:\/\/create.coeytaux-vins.ch\/fr\/\",\"name\":\"Coeytaux Jean-Daniel\",\"description\":\"Jean Daniel Coeytaux, Vigneron-Encaveur, Rue du Ch\u00e2teau 4, 1169 Yens-s\/Morges, Tel +41 21 800 47 38, Fax +41 21 800 47 57, Natel +41 79 276 30 47, jean-daniel@coeytaux-vins.ch\",\"publisher\":{\"@id\":\"https:\/\/create.coeytaux-vins.ch\/fr\/#organization\"},\"potentialAction\":[{\"@type\":\"SearchAction\",\"target\":{\"@type\":\"EntryPoint\",\"urlTemplate\":\"https:\/\/create.coeytaux-vins.ch\/fr\/?s={search_term_string}\"},\"query-input\":\"required name=search_term_string\"}],\"inLanguage\":\"fr-FR\"},{\"@type\":\"Organization\",\"@id\":\"https:\/\/create.coeytaux-vins.ch\/fr\/#organization\",\"name\":\"Jean-Daniel Coeytaux\",\"url\":\"https:\/\/create.coeytaux-vins.ch\/fr\/\",\"logo\":{\"@type\":\"ImageObject\",\"inLanguage\":\"fr-FR\",\"@id\":\"https:\/\/create.coeytaux-vins.ch\/fr\/#\/schema\/logo\/image\/\",\"url\":\"https:\/\/create.coeytaux-vins.ch\/wp-content\/uploads\/2020\/08\/Logo-Cave-Jean-Daniel-Coeytaux-Vigneron-Encaveur-e1598877479575.png\",\"contentUrl\":\"https:\/\/create.coeytaux-vins.ch\/wp-content\/uploads\/2020\/08\/Logo-Cave-Jean-Daniel-Coeytaux-Vigneron-Encaveur-e1598877479575.png\",\"width\":250,\"height\":176,\"caption\":\"Jean-Daniel Coeytaux\"},\"image\":{\"@id\":\"https:\/\/create.coeytaux-vins.ch\/fr\/#\/schema\/logo\/image\/\"},\"sameAs\":[\"https:\/\/www.facebook.com\/cavejeandaniel.coeytaux\",\"https:\/\/twitter.com\/CaveJDC\",\"https:\/\/www.instagram.com\/cave_jean_daniel_coeytaux\/\"]}]}<\/script>\n<!-- \/ Yoast SEO plugin. -->","yoast_head_json":{"title":"Coeytaux Jean-Daniel - Vigneron - Encaveur - Pr\u00e9sentation","robots":{"index":"index","follow":"follow","max-snippet":"max-snippet:-1","max-image-preview":"max-image-preview:large","max-video-preview":"max-video-preview:-1"},"canonical":"https:\/\/create.coeytaux-vins.ch\/fr\/presentation\/","og_locale":"fr_FR","og_type":"article","og_title":"Coeytaux Jean-Daniel - Vigneron - Encaveur - Pr\u00e9sentation","og_description":"Domaine &amp; caveauNotre domaine viticole est situ\u00e9 sur la commune de Yens, district de Morges. Du haut de sa colline, notre village surplombe le bassin l\u00e9manique. Le village b\u00e9n\u00e9ficie d\u2019une vue imprenable sur l\u2019ensemble du lac L\u00e9man et des Alpes. Notre domaine se compose de 8 hectares de vignes faisant partie de l\u2019Association \u00abVins de [&hellip;]","og_url":"https:\/\/create.coeytaux-vins.ch\/fr\/presentation\/","og_site_name":"Coeytaux Jean-Daniel","article_publisher":"https:\/\/www.facebook.com\/cavejeandaniel.coeytaux","article_modified_time":"2023-10-04T13:50:02+00:00","twitter_card":"summary_large_image","twitter_site":"@CaveJDC","twitter_misc":{"Dur\u00e9e de lecture estim\u00e9e":"6 minutes"},"schema":{"@context":"https:\/\/schema.org","@graph":[{"@type":"WebPage","@id":"https:\/\/create.coeytaux-vins.ch\/fr\/presentation\/","url":"https:\/\/create.coeytaux-vins.ch\/fr\/presentation\/","name":"Coeytaux Jean-Daniel - Vigneron - Encaveur - Pr\u00e9sentation","isPartOf":{"@id":"https:\/\/create.coeytaux-vins.ch\/fr\/#website"},"datePublished":"2020-02-17T13:59:16+00:00","dateModified":"2023-10-04T13:50:02+00:00","breadcrumb":{"@id":"https:\/\/create.coeytaux-vins.ch\/fr\/presentation\/#breadcrumb"},"inLanguage":"fr-FR","potentialAction":[{"@type":"ReadAction","target":["https:\/\/create.coeytaux-vins.ch\/fr\/presentation\/"]}]},{"@type":"BreadcrumbList","@id":"https:\/\/create.coeytaux-vins.ch\/fr\/presentation\/#breadcrumb","itemListElement":[{"@type":"ListItem","position":1,"name":"Accueil","item":"https:\/\/create.coeytaux-vins.ch\/fr\/"},{"@type":"ListItem","position":2,"name":"Pr\u00e9sentation"}]},{"@type":"WebSite","@id":"https:\/\/create.coeytaux-vins.ch\/fr\/#website","url":"https:\/\/create.coeytaux-vins.ch\/fr\/","name":"Coeytaux Jean-Daniel","description":"Jean Daniel Coeytaux, Vigneron-Encaveur, Rue du Ch\u00e2teau 4, 1169 Yens-s\/Morges, Tel +41 21 800 47 38, Fax +41 21 800 47 57, Natel +41 79 276 30 47, jean-daniel@coeytaux-vins.ch","publisher":{"@id":"https:\/\/create.coeytaux-vins.ch\/fr\/#organization"},"potentialAction":[{"@type":"SearchAction","target":{"@type":"EntryPoint","urlTemplate":"https:\/\/create.coeytaux-vins.ch\/fr\/?s={search_term_string}"},"query-input":"required name=search_term_string"}],"inLanguage":"fr-FR"},{"@type":"Organization","@id":"https:\/\/create.coeytaux-vins.ch\/fr\/#organization","name":"Jean-Daniel Coeytaux","url":"https:\/\/create.coeytaux-vins.ch\/fr\/","logo":{"@type":"ImageObject","inLanguage":"fr-FR","@id":"https:\/\/create.coeytaux-vins.ch\/fr\/#\/schema\/logo\/image\/","url":"https:\/\/create.coeytaux-vins.ch\/wp-content\/uploads\/2020\/08\/Logo-Cave-Jean-Daniel-Coeytaux-Vigneron-Encaveur-e1598877479575.png","contentUrl":"https:\/\/create.coeytaux-vins.ch\/wp-content\/uploads\/2020\/08\/Logo-Cave-Jean-Daniel-Coeytaux-Vigneron-Encaveur-e1598877479575.png","width":250,"height":176,"caption":"Jean-Daniel Coeytaux"},"image":{"@id":"https:\/\/create.coeytaux-vins.ch\/fr\/#\/schema\/logo\/image\/"},"sameAs":["https:\/\/www.facebook.com\/cavejeandaniel.coeytaux","https:\/\/twitter.com\/CaveJDC","https:\/\/www.instagram.com\/cave_jean_daniel_coeytaux\/"]}]}},"_links":{"self":[{"href":"https:\/\/create.coeytaux-vins.ch\/fr\/wp-json\/wp\/v2\/pages\/437"}],"collection":[{"href":"https:\/\/create.coeytaux-vins.ch\/fr\/wp-json\/wp\/v2\/pages"}],"about":[{"href":"https:\/\/create.coeytaux-vins.ch\/fr\/wp-json\/wp\/v2\/types\/page"}],"author":[{"embeddable":true,"href":"https:\/\/create.coeytaux-vins.ch\/fr\/wp-json\/wp\/v2\/users\/1"}],"replies":[{"embeddable":true,"href":"https:\/\/create.coeytaux-vins.ch\/fr\/wp-json\/wp\/v2\/comments?post=437"}],"version-history":[{"count":32,"href":"https:\/\/create.coeytaux-vins.ch\/fr\/wp-json\/wp\/v2\/pages\/437\/revisions"}],"predecessor-version":[{"id":23310,"href":"https:\/\/create.coeytaux-vins.ch\/fr\/wp-json\/wp\/v2\/pages\/437\/revisions\/23310"}],"wp:attachment":[{"href":"https:\/\/create.coeytaux-vins.ch\/fr\/wp-json\/wp\/v2\/media?parent=437"}],"curies":[{"name":"wp","href":"https:\/\/api.w.org\/{rel}","templated":true}]}}