{"id":4688,"date":"2020-09-15T12:34:05","date_gmt":"2020-09-15T11:34:05","guid":{"rendered":"https:\/\/create.coeytaux-vins.ch\/gourmet-saturdays\/"},"modified":"2023-10-27T15:43:21","modified_gmt":"2023-10-27T14:43:21","slug":"gourmet-saturdays","status":"publish","type":"page","link":"https:\/\/create.coeytaux-vins.ch\/en\/gourmet-saturdays\/","title":{"rendered":"Gourmet Saturdays"},"content":{"rendered":"<p>[et_pb_section fb_built=&#8221;1&#8243; module_id=&#8221;part1&#8243; _builder_version=&#8221;4.16&#8243; background_enable_color=&#8221;off&#8221; custom_padding=&#8221;0px|0px|0px|0px|false|false&#8221; global_colors_info=&#8221;{}&#8221;][et_pb_row column_structure=&#8221;1_2,1_2&#8243; use_custom_gutter=&#8221;on&#8221; gutter_width=&#8221;1&#8243; make_equal=&#8221;on&#8221; _builder_version=&#8221;4.16&#8243; width=&#8221;100%&#8221; max_width=&#8221;100%&#8221; custom_padding=&#8221;0px|0px|0px|0px|false|false&#8221; global_colors_info=&#8221;{}&#8221;][et_pb_column type=&#8221;1_2&#8243; admin_label=&#8221;Left&#8221; _builder_version=&#8221;4.16&#8243; custom_padding=&#8221;0px|0px|0px|0px|true|true&#8221; custom_padding_tablet=&#8221;|0vw||0vw|true|true&#8221; custom_padding_phone=&#8221;&#8221; custom_padding_last_edited=&#8221;on|desktop&#8221; global_colors_info=&#8221;{}&#8221;][et_pb_slider show_arrows_tablet=&#8221;off&#8221; show_arrows_phone=&#8221;off&#8221; show_arrows_last_edited=&#8221;on|desktop&#8221; module_class=&#8221;et_fullscreen_slider fullheight-slider&#8221; _builder_version=&#8221;4.22.2&#8243; min_height=&#8221;100%&#8221; min_height_tablet=&#8221;500px&#8221; min_height_phone=&#8221;500px&#8221; min_height_last_edited=&#8221;on|desktop&#8221; height=&#8221;100%&#8221; custom_margin=&#8221;|||-60px|false|false&#8221; custom_margin_tablet=&#8221;|||-15px|false|false&#8221; custom_margin_phone=&#8221;&#8221; custom_margin_last_edited=&#8221;on|desktop&#8221; auto=&#8221;on&#8221; auto_speed=&#8221;3000&#8243; auto_ignore_hover=&#8221;on&#8221; hover_enabled=&#8221;0&#8243; global_colors_info=&#8221;{}&#8221; sticky_enabled=&#8221;0&#8243;][et_pb_slide _builder_version=&#8221;4.18.0&#8243; background_image=&#8221;https:\/\/create.coeytaux-vins.ch\/wp-content\/uploads\/2022\/11\/Photo-Visite-de-la-vigne-1.jpg&#8221; background_enable_image=&#8221;on&#8221; global_colors_info=&#8221;{}&#8221; sticky_transition=&#8221;on&#8221;][\/et_pb_slide][et_pb_slide _builder_version=&#8221;4.18.0&#8243; background_image=&#8221;https:\/\/create.coeytaux-vins.ch\/wp-content\/uploads\/2022\/11\/Photo-Assiette-Montricher-1.jpg&#8221; background_enable_image=&#8221;on&#8221; global_colors_info=&#8221;{}&#8221; sticky_transition=&#8221;on&#8221;][\/et_pb_slide][et_pb_slide _builder_version=&#8221;4.18.0&#8243; background_image=&#8221;https:\/\/create.coeytaux-vins.ch\/wp-content\/uploads\/2022\/11\/Photo-Visite-de-la-vigne.jpg&#8221; background_enable_image=&#8221;on&#8221; global_colors_info=&#8221;{}&#8221; sticky_transition=&#8221;on&#8221;][\/et_pb_slide][et_pb_slide _builder_version=&#8221;4.18.0&#8243; background_image=&#8221;https:\/\/create.coeytaux-vins.ch\/wp-content\/uploads\/2022\/11\/Photo-Assiette-Montricher-2.jpg&#8221; background_enable_image=&#8221;on&#8221; global_colors_info=&#8221;{}&#8221; sticky_transition=&#8221;on&#8221;][\/et_pb_slide][et_pb_slide _builder_version=&#8221;4.18.0&#8243; background_image=&#8221;https:\/\/create.coeytaux-vins.ch\/wp-content\/uploads\/2022\/11\/Photo-Degustation-des-vins.jpg&#8221; background_enable_image=&#8221;on&#8221; global_colors_info=&#8221;{}&#8221; sticky_transition=&#8221;on&#8221;][\/et_pb_slide][et_pb_slide _builder_version=&#8221;4.18.0&#8243; background_image=&#8221;https:\/\/create.coeytaux-vins.ch\/wp-content\/uploads\/2022\/11\/Photo-Assiette-Montricher-3.jpg&#8221; background_enable_image=&#8221;on&#8221; global_colors_info=&#8221;{}&#8221; sticky_transition=&#8221;on&#8221;][\/et_pb_slide][et_pb_slide _builder_version=&#8221;4.18.0&#8243; background_image=&#8221;https:\/\/create.coeytaux-vins.ch\/wp-content\/uploads\/2022\/11\/Photo-Assiette-Montricher-4.jpg&#8221; background_enable_image=&#8221;on&#8221; global_colors_info=&#8221;{}&#8221; sticky_transition=&#8221;on&#8221;][\/et_pb_slide][et_pb_slide _builder_version=&#8221;4.18.0&#8243; background_image=&#8221;https:\/\/create.coeytaux-vins.ch\/wp-content\/uploads\/2022\/11\/Photo-Accueil.jpg&#8221; background_enable_image=&#8221;on&#8221; global_colors_info=&#8221;{}&#8221; sticky_transition=&#8221;on&#8221;][\/et_pb_slide][et_pb_slide _builder_version=&#8221;4.18.0&#8243; background_image=&#8221;https:\/\/create.coeytaux-vins.ch\/wp-content\/uploads\/2022\/11\/Photo-Assiette-Montricher.jpg&#8221; background_enable_image=&#8221;on&#8221; global_colors_info=&#8221;{}&#8221; sticky_transition=&#8221;on&#8221;][\/et_pb_slide][et_pb_slide _builder_version=&#8221;4.18.0&#8243; background_image=&#8221;https:\/\/create.coeytaux-vins.ch\/wp-content\/uploads\/2022\/11\/Photo-Auberge-aux-2-Sapins.jpg&#8221; background_enable_image=&#8221;on&#8221; global_colors_info=&#8221;{}&#8221; sticky_transition=&#8221;on&#8221;][\/et_pb_slide][\/et_pb_slider][\/et_pb_column][et_pb_column type=&#8221;1_2&#8243; admin_label=&#8221;Right&#8221; _builder_version=&#8221;4.16&#8243; custom_padding=&#8221;40px|5vw|40px|5vw|true|true&#8221; custom_padding_tablet=&#8221;&#8221; custom_padding_phone=&#8221;&#8221; custom_padding_last_edited=&#8221;on|desktop&#8221; global_colors_info=&#8221;{}&#8221;][et_pb_post_title meta=&#8221;off&#8221; featured_image=&#8221;off&#8221; _builder_version=&#8221;4.18.0&#8243; _module_preset=&#8221;default&#8221; title_font=&#8221;|||on|||||&#8221; title_text_align=&#8221;left&#8221; title_font_size=&#8221;43px&#8221; custom_margin=&#8221;||0px||false|false&#8221; title_text_align_tablet=&#8221;center&#8221; title_text_align_phone=&#8221;&#8221; title_text_align_last_edited=&#8221;on|phone&#8221; title_font_size_tablet=&#8221;32px&#8221; title_font_size_phone=&#8221;24px&#8221; title_font_size_last_edited=&#8221;on|phone&#8221; title_letter_spacing_tablet=&#8221;0px&#8221; title_letter_spacing_phone=&#8221;&#8221; title_letter_spacing_last_edited=&#8221;on|desktop&#8221; global_colors_info=&#8221;{}&#8221;][\/et_pb_post_title][et_pb_text _builder_version=&#8221;4.18.0&#8243; header_3_font_size=&#8221;18px&#8221; text_orientation_tablet=&#8221;center&#8221; text_orientation_phone=&#8221;&#8221; text_orientation_last_edited=&#8221;on|desktop&#8221; global_colors_info=&#8221;{}&#8221;]<\/p>\n<p><strong>D\u00e9gustation suivie d\u2019un repas gastronomique \u201cAccord Mets et Vins\u201d<\/strong><\/p>\n<p><strong>Pr\u00e9sentation du domaine et d\u00e9gustation<br \/><\/strong>Pr\u00e9sentation du domaine, ap\u00e9ritif et d\u00e9gustation comment\u00e9e des diff\u00e9rents vins et c\u00e9pages \u00e9lev\u00e9s dans les caves du Domaine.<\/p>\n<p>[\/et_pb_text][et_pb_toggle title=&#8221;Menu d\u00e9couverte gastronomique&#8221; open_toggle_text_color=&#8221;#222222&#8243; icon_color=&#8221;#56735A&#8221; use_icon_font_size=&#8221;on&#8221; icon_font_size=&#8221;26px&#8221; open_icon_color=&#8221;#56735A&#8221; open_use_icon_font_size=&#8221;on&#8221; open_icon_font_size=&#8221;26px&#8221; _builder_version=&#8221;4.18.0&#8243; _module_preset=&#8221;default&#8221; title_text_color=&#8221;#222222&#8243; title_font=&#8221;Barlow Semi Condensed|600|||||||&#8221; title_text_align=&#8221;left&#8221; title_font_size=&#8221;18px&#8221; title_line_height=&#8221;2em&#8221; closed_title_font=&#8221;Barlow Semi Condensed|600|||||||&#8221; closed_title_font_size=&#8221;18px&#8221; background_color=&#8221;RGBA(0,0,0,0)&#8221; custom_margin=&#8221;38px||38px||true|false&#8221; custom_padding=&#8221;|||0px|false|false&#8221; title_text_align_tablet=&#8221;center&#8221; title_text_align_phone=&#8221;&#8221; title_text_align_last_edited=&#8221;on|tablet&#8221; closed_title_text_align_tablet=&#8221;center&#8221; closed_title_text_align_phone=&#8221;&#8221; closed_title_text_align_last_edited=&#8221;on|tablet&#8221; text_orientation_tablet=&#8221;center&#8221; text_orientation_phone=&#8221;&#8221; text_orientation_last_edited=&#8221;on|tablet&#8221; custom_css_toggle_title=&#8221;text-transform: none;&#8221; border_width_all=&#8221;0px&#8221; border_width_top=&#8221;1px&#8221; border_color_top=&#8221;#56735A&#8221; border_width_bottom=&#8221;1px&#8221; border_color_bottom=&#8221;#56735A&#8221; global_colors_info=&#8221;{}&#8221;]<\/p>\n<p>Chaque plat est servi avec un verre de vin en accord.<br \/>Eau min\u00e9rale, caf\u00e9 ou th\u00e9.<\/p>\n<p style=\"text-align: center;\">Plaisirs de Poissons des Lacs Suisses au Fenouil du Jardin<br \/>(Tartare, Fum\u00e9, Rillettes)<br \/>Quinoa v\u00e9g\u00e9tal de Cottens<br \/>Accompagn\u00e9 d\u2019un verre de \u2019\u2019 Doral\u2019\u2019<\/p>\n<p style=\"text-align: center;\">***<\/p>\n<p style=\"text-align: center;\">Pav\u00e9 de B\u0153uf \u2019\u2019L\u00f4-Bao\u2019\u2019 \u00e0 la Sarriette<br \/>Mitonn\u00e9e de L\u00e9gumes de Saison fa\u00e7on Ratatouille<br \/>Ecras\u00e9e de Patates douces<br \/>Accompagn\u00e9 d\u2019un verre d\u2019 \u2019\u2019Assemblage de C\u00e9pages Nobles\u2019\u2019<\/p>\n<p style=\"text-align: center;\">***<\/p>\n<p style=\"text-align: center;\">Tarte Tatin aux Pommes et<br \/>Fruits de Saison au Caramel de Thym<br \/>Sorbet et Coulis de Fruits de saison<br \/>Accompagn\u00e9 d\u2019un verre de \u2019\u2019 Vin Joyeux\u2019\u2019<\/p>\n<p style=\"text-align: center;\">***<\/p>\n<p style=\"text-align: center;\">Caf\u00e9 ou Th\u00e9<\/p>\n<p>Selon nos arrivages et l\u2019avanc\u00e9e des saisons, certaines modifications ou adaptions de menu peuvent intervenir.<\/p>\n<p>[\/et_pb_toggle][et_pb_text _builder_version=&#8221;4.18.0&#8243; header_3_font_size=&#8221;18px&#8221; text_orientation_tablet=&#8221;center&#8221; text_orientation_phone=&#8221;&#8221; text_orientation_last_edited=&#8221;on|desktop&#8221; global_colors_info=&#8221;{}&#8221;]<\/p>\n<p><strong>Dates 2023<\/strong><br \/>3 juin \u2013 17 juin \u2013 8 juillet \u2013 19 ao\u00fbt \u2013 2 septembre \u2013 16 septembre \u2013 25 novembre<\/p>\n<p><strong>Horaires<\/strong><br \/>10h45 pr\u00e9cise \u00e0 la Cave Jean-Daniel Coeytaux, Yens<br \/>12h30 D\u00e9part pour l\u2019Auberge aux 2 Sapins, Montricher<br \/>13h00 Repas \u00e0 l\u2019Auberge aux 2 Sapins, Montricher<\/p>\n<p><strong>Prix<\/strong><br \/>CHF 85.&#8211; \/ pers. (tout compris)<\/p>\n<p><strong>R\u00e9servation<\/strong><br \/>Auberge aux 2 Sapins +41 21\u00a0864 00 80 \/ <a href=\"mailto:info@2sapins.ch\">info@2sapins.ch<\/a> \/ www.2sapins.ch<br \/>D\u00e9lai : jusqu\u2019au mercredi pr\u00e9c\u00e9dant la date de r\u00e9servation<\/p>\n<p><strong>Offre +<\/strong><br \/>Possibilit\u00e9 de loger \u00e0 l\u2019Auberge aux 2 Sapins, Montricher (H\u00f4tel 3 \u00e9toiles)<br \/>CHF 80.&#8211; \/ pers. (Petit-d\u00e9jeuner inclus).<\/p>\n<p><strong>Acc\u00e8s <\/strong><br \/>Possibilit\u00e9 de stationner devant la Cave Jean-Daniel Coeytaux, Yens (Rue du Ch\u00e2teau 4, 1169 Yens)<br \/>Possibilit\u00e9 de stationner devant l\u2019Auberge aux 2 Sapins, Montricher (Rue du Bourg 14, 1147 Montricher)<\/p>\n<p>[\/et_pb_text][et_pb_blurb url=&#8221;#part2&#8243; use_icon=&#8221;on&#8221; font_icon=&#8221;&#x47;||divi||400&#8243; icon_color=&#8221;#56735a&#8221; image_icon_width=&#8221;50px&#8221; disabled_on=&#8221;on|on|on&#8221; _builder_version=&#8221;4.18.0&#8243; icon_font_size=&#8221;50px&#8221; disabled=&#8221;on&#8221; global_colors_info=&#8221;{}&#8221;][\/et_pb_blurb][\/et_pb_column][\/et_pb_row][\/et_pb_section][et_pb_section fb_built=&#8221;1&#8243; disabled_on=&#8221;on|on|on&#8221; _builder_version=&#8221;4.18.0&#8243; background_color=&#8221;#dadbdc&#8221; disabled=&#8221;on&#8221; global_colors_info=&#8221;{}&#8221;][et_pb_row module_id=&#8221;part2&#8243; module_class=&#8221;anchor&#8221; _builder_version=&#8221;4.16&#8243; _module_preset=&#8221;default&#8221; width=&#8221;100%&#8221; max_width=&#8221;100%&#8221; module_alignment=&#8221;center&#8221; min_height=&#8221;0px&#8221; height=&#8221;0px&#8221; max_height=&#8221;0px&#8221; custom_margin=&#8221;0px|0px|0px|0px|true|true&#8221; custom_padding=&#8221;0px|0px|0px|0px|true|true&#8221; locked=&#8221;off&#8221; global_colors_info=&#8221;{}&#8221;][et_pb_column type=&#8221;4_4&#8243; _builder_version=&#8221;4.16&#8243; _module_preset=&#8221;default&#8221; custom_padding=&#8221;0px||0px|0px|true|false&#8221; global_colors_info=&#8221;{}&#8221;][et_pb_divider show_divider=&#8221;off&#8221; _builder_version=&#8221;4.16&#8243; _module_preset=&#8221;default&#8221; module_alignment=&#8221;center&#8221; min_height=&#8221;0px&#8221; height=&#8221;0px&#8221; max_height=&#8221;0px&#8221; custom_margin=&#8221;0px|0px|0px|0px|true|true&#8221; custom_padding=&#8221;0px|0px|0px|0px|true|true&#8221; global_colors_info=&#8221;{}&#8221;][\/et_pb_divider][\/et_pb_column][\/et_pb_row][et_pb_row _builder_version=&#8221;4.16&#8243; background_enable_color=&#8221;off&#8221; global_colors_info=&#8221;{}&#8221;][et_pb_column type=&#8221;4_4&#8243; _builder_version=&#8221;4.16&#8243; global_colors_info=&#8221;{}&#8221;][et_pb_text _builder_version=&#8221;4.16&#8243; global_colors_info=&#8221;{}&#8221;]<\/p>\n<h3 style=\"text-align: center;\">Gourmet Saturdays in images&#8230;<\/h3>\n<p>[\/et_pb_text][et_pb_gallery gallery_ids=&#8221;4027,4030,4033,4036,4039,4042,4045,4048,4051,4054&#8243; posts_number=&#8221;50&#8243; show_title_and_caption=&#8221;off&#8221; show_pagination=&#8221;off&#8221; module_class=&#8221;extended_gallery&#8221; _builder_version=&#8221;4.16&#8243; global_colors_info=&#8221;{}&#8221;][\/et_pb_gallery][\/et_pb_column][\/et_pb_row][\/et_pb_section]<\/p>\n","protected":false},"excerpt":{"rendered":"<p>D\u00e9gustation suivie d\u2019un repas gastronomique \u201cAccord Mets et Vins\u201d Pr\u00e9sentation du domaine et d\u00e9gustationPr\u00e9sentation du domaine, ap\u00e9ritif et d\u00e9gustation comment\u00e9e des diff\u00e9rents vins et c\u00e9pages \u00e9lev\u00e9s dans les caves du Domaine.Chaque plat est servi avec un verre de vin en accord.Eau min\u00e9rale, caf\u00e9 ou th\u00e9. Plaisirs de Poissons des Lacs Suisses au Fenouil du Jardin(Tartare, [&hellip;]<\/p>\n","protected":false},"author":1,"featured_media":0,"parent":0,"menu_order":27,"comment_status":"closed","ping_status":"closed","template":"","meta":{"_et_pb_use_builder":"on","_et_pb_old_content":"","_et_gb_content_width":"","inline_featured_image":false,"footnotes":""},"yoast_head":"<!-- This site is optimized with the Yoast SEO plugin v21.5 - https:\/\/yoast.com\/wordpress\/plugins\/seo\/ -->\n<title>Coeytaux Jean-Daniel - Vigneron - Encaveur - Gourmet Saturdays<\/title>\n<meta name=\"robots\" content=\"index, follow, max-snippet:-1, max-image-preview:large, max-video-preview:-1\" \/>\n<link rel=\"canonical\" href=\"https:\/\/create.coeytaux-vins.ch\/en\/gourmet-saturdays\/\" \/>\n<meta property=\"og:locale\" content=\"en_US\" \/>\n<meta property=\"og:type\" content=\"article\" \/>\n<meta property=\"og:title\" content=\"Coeytaux Jean-Daniel - Vigneron - Encaveur - Gourmet Saturdays\" \/>\n<meta property=\"og:description\" content=\"D\u00e9gustation suivie d\u2019un repas gastronomique \u201cAccord Mets et Vins\u201d Pr\u00e9sentation du domaine et d\u00e9gustationPr\u00e9sentation du domaine, ap\u00e9ritif et d\u00e9gustation comment\u00e9e des diff\u00e9rents vins et c\u00e9pages \u00e9lev\u00e9s dans les caves du Domaine.Chaque plat est servi avec un verre de vin en accord.Eau min\u00e9rale, caf\u00e9 ou th\u00e9. Plaisirs de Poissons des Lacs Suisses au Fenouil du Jardin(Tartare, [&hellip;]\" \/>\n<meta property=\"og:url\" content=\"https:\/\/create.coeytaux-vins.ch\/en\/gourmet-saturdays\/\" \/>\n<meta property=\"og:site_name\" content=\"Coeytaux Jean-Daniel\" \/>\n<meta property=\"article:publisher\" content=\"https:\/\/www.facebook.com\/cavejeandaniel.coeytaux\" \/>\n<meta property=\"article:modified_time\" content=\"2023-10-27T14:43:21+00:00\" \/>\n<meta name=\"twitter:card\" content=\"summary_large_image\" \/>\n<meta name=\"twitter:site\" content=\"@CaveJDC\" \/>\n<meta name=\"twitter:label1\" content=\"Est. reading time\" \/>\n\t<meta name=\"twitter:data1\" content=\"7 minutes\" \/>\n<script type=\"application\/ld+json\" class=\"yoast-schema-graph\">{\"@context\":\"https:\/\/schema.org\",\"@graph\":[{\"@type\":\"WebPage\",\"@id\":\"https:\/\/create.coeytaux-vins.ch\/en\/gourmet-saturdays\/\",\"url\":\"https:\/\/create.coeytaux-vins.ch\/en\/gourmet-saturdays\/\",\"name\":\"Coeytaux Jean-Daniel - Vigneron - Encaveur - Gourmet Saturdays\",\"isPartOf\":{\"@id\":\"https:\/\/create.coeytaux-vins.ch\/en\/#website\"},\"datePublished\":\"2020-09-15T11:34:05+00:00\",\"dateModified\":\"2023-10-27T14:43:21+00:00\",\"breadcrumb\":{\"@id\":\"https:\/\/create.coeytaux-vins.ch\/en\/gourmet-saturdays\/#breadcrumb\"},\"inLanguage\":\"en-US\",\"potentialAction\":[{\"@type\":\"ReadAction\",\"target\":[\"https:\/\/create.coeytaux-vins.ch\/en\/gourmet-saturdays\/\"]}]},{\"@type\":\"BreadcrumbList\",\"@id\":\"https:\/\/create.coeytaux-vins.ch\/en\/gourmet-saturdays\/#breadcrumb\",\"itemListElement\":[{\"@type\":\"ListItem\",\"position\":1,\"name\":\"Accueil\",\"item\":\"https:\/\/create.coeytaux-vins.ch\/en\/\"},{\"@type\":\"ListItem\",\"position\":2,\"name\":\"Gourmet Saturdays\"}]},{\"@type\":\"WebSite\",\"@id\":\"https:\/\/create.coeytaux-vins.ch\/en\/#website\",\"url\":\"https:\/\/create.coeytaux-vins.ch\/en\/\",\"name\":\"Coeytaux Jean-Daniel\",\"description\":\"Jean Daniel Coeytaux, Vigneron-Encaveur, Rue du Ch\u00e2teau 4, 1169 Yens-s\/Morges, Tel +41 21 800 47 38, Fax +41 21 800 47 57, Natel +41 79 276 30 47, jean-daniel@coeytaux-vins.ch\",\"publisher\":{\"@id\":\"https:\/\/create.coeytaux-vins.ch\/en\/#organization\"},\"potentialAction\":[{\"@type\":\"SearchAction\",\"target\":{\"@type\":\"EntryPoint\",\"urlTemplate\":\"https:\/\/create.coeytaux-vins.ch\/en\/?s={search_term_string}\"},\"query-input\":\"required name=search_term_string\"}],\"inLanguage\":\"en-US\"},{\"@type\":\"Organization\",\"@id\":\"https:\/\/create.coeytaux-vins.ch\/en\/#organization\",\"name\":\"Jean-Daniel Coeytaux\",\"url\":\"https:\/\/create.coeytaux-vins.ch\/en\/\",\"logo\":{\"@type\":\"ImageObject\",\"inLanguage\":\"en-US\",\"@id\":\"https:\/\/create.coeytaux-vins.ch\/en\/#\/schema\/logo\/image\/\",\"url\":\"https:\/\/create.coeytaux-vins.ch\/wp-content\/uploads\/2020\/08\/Logo-Cave-Jean-Daniel-Coeytaux-Vigneron-Encaveur-e1598877479575.png\",\"contentUrl\":\"https:\/\/create.coeytaux-vins.ch\/wp-content\/uploads\/2020\/08\/Logo-Cave-Jean-Daniel-Coeytaux-Vigneron-Encaveur-e1598877479575.png\",\"width\":250,\"height\":176,\"caption\":\"Jean-Daniel Coeytaux\"},\"image\":{\"@id\":\"https:\/\/create.coeytaux-vins.ch\/en\/#\/schema\/logo\/image\/\"},\"sameAs\":[\"https:\/\/www.facebook.com\/cavejeandaniel.coeytaux\",\"https:\/\/twitter.com\/CaveJDC\",\"https:\/\/www.instagram.com\/cave_jean_daniel_coeytaux\/\"]}]}<\/script>\n<!-- \/ Yoast SEO plugin. -->","yoast_head_json":{"title":"Coeytaux Jean-Daniel - Vigneron - Encaveur - Gourmet Saturdays","robots":{"index":"index","follow":"follow","max-snippet":"max-snippet:-1","max-image-preview":"max-image-preview:large","max-video-preview":"max-video-preview:-1"},"canonical":"https:\/\/create.coeytaux-vins.ch\/en\/gourmet-saturdays\/","og_locale":"en_US","og_type":"article","og_title":"Coeytaux Jean-Daniel - Vigneron - Encaveur - Gourmet Saturdays","og_description":"D\u00e9gustation suivie d\u2019un repas gastronomique \u201cAccord Mets et Vins\u201d Pr\u00e9sentation du domaine et d\u00e9gustationPr\u00e9sentation du domaine, ap\u00e9ritif et d\u00e9gustation comment\u00e9e des diff\u00e9rents vins et c\u00e9pages \u00e9lev\u00e9s dans les caves du Domaine.Chaque plat est servi avec un verre de vin en accord.Eau min\u00e9rale, caf\u00e9 ou th\u00e9. Plaisirs de Poissons des Lacs Suisses au Fenouil du Jardin(Tartare, [&hellip;]","og_url":"https:\/\/create.coeytaux-vins.ch\/en\/gourmet-saturdays\/","og_site_name":"Coeytaux Jean-Daniel","article_publisher":"https:\/\/www.facebook.com\/cavejeandaniel.coeytaux","article_modified_time":"2023-10-27T14:43:21+00:00","twitter_card":"summary_large_image","twitter_site":"@CaveJDC","twitter_misc":{"Est. reading time":"7 minutes"},"schema":{"@context":"https:\/\/schema.org","@graph":[{"@type":"WebPage","@id":"https:\/\/create.coeytaux-vins.ch\/en\/gourmet-saturdays\/","url":"https:\/\/create.coeytaux-vins.ch\/en\/gourmet-saturdays\/","name":"Coeytaux Jean-Daniel - Vigneron - Encaveur - Gourmet Saturdays","isPartOf":{"@id":"https:\/\/create.coeytaux-vins.ch\/en\/#website"},"datePublished":"2020-09-15T11:34:05+00:00","dateModified":"2023-10-27T14:43:21+00:00","breadcrumb":{"@id":"https:\/\/create.coeytaux-vins.ch\/en\/gourmet-saturdays\/#breadcrumb"},"inLanguage":"en-US","potentialAction":[{"@type":"ReadAction","target":["https:\/\/create.coeytaux-vins.ch\/en\/gourmet-saturdays\/"]}]},{"@type":"BreadcrumbList","@id":"https:\/\/create.coeytaux-vins.ch\/en\/gourmet-saturdays\/#breadcrumb","itemListElement":[{"@type":"ListItem","position":1,"name":"Accueil","item":"https:\/\/create.coeytaux-vins.ch\/en\/"},{"@type":"ListItem","position":2,"name":"Gourmet Saturdays"}]},{"@type":"WebSite","@id":"https:\/\/create.coeytaux-vins.ch\/en\/#website","url":"https:\/\/create.coeytaux-vins.ch\/en\/","name":"Coeytaux Jean-Daniel","description":"Jean Daniel Coeytaux, Vigneron-Encaveur, Rue du Ch\u00e2teau 4, 1169 Yens-s\/Morges, Tel +41 21 800 47 38, Fax +41 21 800 47 57, Natel +41 79 276 30 47, jean-daniel@coeytaux-vins.ch","publisher":{"@id":"https:\/\/create.coeytaux-vins.ch\/en\/#organization"},"potentialAction":[{"@type":"SearchAction","target":{"@type":"EntryPoint","urlTemplate":"https:\/\/create.coeytaux-vins.ch\/en\/?s={search_term_string}"},"query-input":"required name=search_term_string"}],"inLanguage":"en-US"},{"@type":"Organization","@id":"https:\/\/create.coeytaux-vins.ch\/en\/#organization","name":"Jean-Daniel Coeytaux","url":"https:\/\/create.coeytaux-vins.ch\/en\/","logo":{"@type":"ImageObject","inLanguage":"en-US","@id":"https:\/\/create.coeytaux-vins.ch\/en\/#\/schema\/logo\/image\/","url":"https:\/\/create.coeytaux-vins.ch\/wp-content\/uploads\/2020\/08\/Logo-Cave-Jean-Daniel-Coeytaux-Vigneron-Encaveur-e1598877479575.png","contentUrl":"https:\/\/create.coeytaux-vins.ch\/wp-content\/uploads\/2020\/08\/Logo-Cave-Jean-Daniel-Coeytaux-Vigneron-Encaveur-e1598877479575.png","width":250,"height":176,"caption":"Jean-Daniel Coeytaux"},"image":{"@id":"https:\/\/create.coeytaux-vins.ch\/en\/#\/schema\/logo\/image\/"},"sameAs":["https:\/\/www.facebook.com\/cavejeandaniel.coeytaux","https:\/\/twitter.com\/CaveJDC","https:\/\/www.instagram.com\/cave_jean_daniel_coeytaux\/"]}]}},"_links":{"self":[{"href":"https:\/\/create.coeytaux-vins.ch\/en\/wp-json\/wp\/v2\/pages\/4688"}],"collection":[{"href":"https:\/\/create.coeytaux-vins.ch\/en\/wp-json\/wp\/v2\/pages"}],"about":[{"href":"https:\/\/create.coeytaux-vins.ch\/en\/wp-json\/wp\/v2\/types\/page"}],"author":[{"embeddable":true,"href":"https:\/\/create.coeytaux-vins.ch\/en\/wp-json\/wp\/v2\/users\/1"}],"replies":[{"embeddable":true,"href":"https:\/\/create.coeytaux-vins.ch\/en\/wp-json\/wp\/v2\/comments?post=4688"}],"version-history":[{"count":32,"href":"https:\/\/create.coeytaux-vins.ch\/en\/wp-json\/wp\/v2\/pages\/4688\/revisions"}],"predecessor-version":[{"id":23518,"href":"https:\/\/create.coeytaux-vins.ch\/en\/wp-json\/wp\/v2\/pages\/4688\/revisions\/23518"}],"wp:attachment":[{"href":"https:\/\/create.coeytaux-vins.ch\/en\/wp-json\/wp\/v2\/media?parent=4688"}],"curies":[{"name":"wp","href":"https:\/\/api.w.org\/{rel}","templated":true}]}}