{"id":4768,"date":"2019-10-09T16:57:12","date_gmt":"2019-10-09T15:57:12","guid":{"rendered":"https:\/\/create.coeytaux-vins.ch\/nos-vins\/gamay-3\/"},"modified":"2023-03-03T15:33:52","modified_gmt":"2023-03-03T14:33:52","slug":"gamay-3","status":"publish","type":"product","link":"https:\/\/create.coeytaux-vins.ch\/de\/unsere-weine\/gamay-3\/","title":{"rendered":"Gamay"},"content":{"rendered":"<p><strong>Beschreibung<br \/>\n<\/strong>Rotwein. Leicht und frisch.<\/p>\n<p><strong>Nase<br \/>\n<\/strong>Gew\u00fcrz- und Pfeffernoten mit Beerenaromen.<\/p>\n<p><strong>Gaumen<br \/>\n<\/strong>Fein in den samtweichen und runden Wein eingebundenes Tannin.<\/p>\n<p><strong>Begleitempfehlungen<br \/>\n<\/strong>&#8211; K\u00e4se<br \/>\n&#8211; Charcuterie, Terrinen<br \/>\n&#8211; Grilliertes Fleisch<br \/>\n&#8211; Rotes Fleisch<\/p>\n<p><strong>50 cl &#8211; CHF 8.50 (Karton 12 Flaschen)<br \/>\n<\/strong><strong>75 cl &#8211; CHF 12.00 (Karton 6 Flaschen)<\/strong><\/p>\n","protected":false},"excerpt":{"rendered":"<p>50 cl | 75 cl<\/p>\n","protected":false},"featured_media":3126,"comment_status":"open","ping_status":"closed","template":"","meta":{"_et_pb_use_builder":"off","_et_pb_old_content":"<strong>Descriptif<\/strong>Vin rouge. Vin frais et l\u00e9ger.<strong>Au nez<\/strong>Notes \u00e9pic\u00e9es et poivr\u00e9es avec ar\u00f4mes de fruits, type baies.<strong>En bouche<\/strong>Trame tanique bien enrob\u00e9e par le velout\u00e9 et la rondeur de ce vin.<strong>Id\u00e9es d\u2019accompagnement<\/strong>- Fromages- Charcuterie, terrine- Viandes grill\u00e9es- Viandes rouges.<strong>50 cl - CHF 7.90 (carton de 12 bouteilles)75 cl - CHF 11.00 (carton de 6 bouteilles)<\/strong>","_et_gb_content_width":"","inline_featured_image":false},"product_cat":[151],"product_tag":[],"yoast_head":"<!-- This site is optimized with the Yoast SEO plugin v21.5 - https:\/\/yoast.com\/wordpress\/plugins\/seo\/ -->\n<title>Coeytaux Jean-Daniel - Vigneron - Encaveur - Gamay<\/title>\n<meta name=\"robots\" content=\"index, follow, max-snippet:-1, max-image-preview:large, max-video-preview:-1\" \/>\n<link rel=\"canonical\" href=\"https:\/\/create.coeytaux-vins.ch\/de\/unsere-weine\/gamay-3\/\" \/>\n<meta property=\"og:locale\" content=\"de_DE\" \/>\n<meta property=\"og:type\" content=\"article\" \/>\n<meta property=\"og:title\" content=\"Coeytaux Jean-Daniel - Vigneron - Encaveur - Gamay\" \/>\n<meta property=\"og:description\" content=\"50 cl | 75 cl\" \/>\n<meta property=\"og:url\" content=\"https:\/\/create.coeytaux-vins.ch\/de\/unsere-weine\/gamay-3\/\" \/>\n<meta property=\"og:site_name\" content=\"Coeytaux Jean-Daniel\" \/>\n<meta property=\"article:publisher\" content=\"https:\/\/www.facebook.com\/cavejeandaniel.coeytaux\" \/>\n<meta property=\"article:modified_time\" content=\"2023-03-03T14:33:52+00:00\" \/>\n<meta property=\"og:image\" content=\"https:\/\/create.coeytaux-vins.ch\/wp-content\/uploads\/2020\/03\/Gamay-50-cl-LR-min-2.png\" \/>\n\t<meta property=\"og:image:width\" content=\"620\" \/>\n\t<meta property=\"og:image:height\" content=\"1772\" \/>\n\t<meta property=\"og:image:type\" content=\"image\/png\" \/>\n<meta name=\"twitter:card\" content=\"summary_large_image\" \/>\n<meta name=\"twitter:site\" content=\"@CaveJDC\" \/>\n<meta name=\"twitter:label1\" content=\"Gesch\u00e4tzte Lesezeit\" \/>\n\t<meta name=\"twitter:data1\" content=\"1 Minute\" \/>\n<script type=\"application\/ld+json\" class=\"yoast-schema-graph\">{\"@context\":\"https:\/\/schema.org\",\"@graph\":[{\"@type\":\"WebPage\",\"@id\":\"https:\/\/create.coeytaux-vins.ch\/de\/unsere-weine\/gamay-3\/\",\"url\":\"https:\/\/create.coeytaux-vins.ch\/de\/unsere-weine\/gamay-3\/\",\"name\":\"Coeytaux Jean-Daniel - Vigneron - Encaveur - Gamay\",\"isPartOf\":{\"@id\":\"https:\/\/create.coeytaux-vins.ch\/de\/#website\"},\"datePublished\":\"2019-10-09T15:57:12+00:00\",\"dateModified\":\"2023-03-03T14:33:52+00:00\",\"breadcrumb\":{\"@id\":\"https:\/\/create.coeytaux-vins.ch\/de\/unsere-weine\/gamay-3\/#breadcrumb\"},\"inLanguage\":\"de-DE\",\"potentialAction\":[{\"@type\":\"ReadAction\",\"target\":[\"https:\/\/create.coeytaux-vins.ch\/de\/unsere-weine\/gamay-3\/\"]}]},{\"@type\":\"BreadcrumbList\",\"@id\":\"https:\/\/create.coeytaux-vins.ch\/de\/unsere-weine\/gamay-3\/#breadcrumb\",\"itemListElement\":[{\"@type\":\"ListItem\",\"position\":1,\"name\":\"Accueil\",\"item\":\"https:\/\/create.coeytaux-vins.ch\/de\/\"},{\"@type\":\"ListItem\",\"position\":2,\"name\":\"Unsere Weine\",\"item\":\"https:\/\/create.coeytaux-vins.ch\/de\/unsere-weine\/\"},{\"@type\":\"ListItem\",\"position\":3,\"name\":\"Gamay\"}]},{\"@type\":\"WebSite\",\"@id\":\"https:\/\/create.coeytaux-vins.ch\/de\/#website\",\"url\":\"https:\/\/create.coeytaux-vins.ch\/de\/\",\"name\":\"Coeytaux Jean-Daniel\",\"description\":\"Jean Daniel Coeytaux, Vigneron-Encaveur, Rue du Ch\u00e2teau 4, 1169 Yens-s\/Morges, Tel +41 21 800 47 38, Fax +41 21 800 47 57, Natel +41 79 276 30 47, jean-daniel@coeytaux-vins.ch\",\"publisher\":{\"@id\":\"https:\/\/create.coeytaux-vins.ch\/de\/#organization\"},\"potentialAction\":[{\"@type\":\"SearchAction\",\"target\":{\"@type\":\"EntryPoint\",\"urlTemplate\":\"https:\/\/create.coeytaux-vins.ch\/de\/?s={search_term_string}\"},\"query-input\":\"required name=search_term_string\"}],\"inLanguage\":\"de-DE\"},{\"@type\":\"Organization\",\"@id\":\"https:\/\/create.coeytaux-vins.ch\/de\/#organization\",\"name\":\"Jean-Daniel Coeytaux\",\"url\":\"https:\/\/create.coeytaux-vins.ch\/de\/\",\"logo\":{\"@type\":\"ImageObject\",\"inLanguage\":\"de-DE\",\"@id\":\"https:\/\/create.coeytaux-vins.ch\/de\/#\/schema\/logo\/image\/\",\"url\":\"https:\/\/create.coeytaux-vins.ch\/wp-content\/uploads\/2020\/08\/Logo-Cave-Jean-Daniel-Coeytaux-Vigneron-Encaveur-e1598877479575.png\",\"contentUrl\":\"https:\/\/create.coeytaux-vins.ch\/wp-content\/uploads\/2020\/08\/Logo-Cave-Jean-Daniel-Coeytaux-Vigneron-Encaveur-e1598877479575.png\",\"width\":250,\"height\":176,\"caption\":\"Jean-Daniel Coeytaux\"},\"image\":{\"@id\":\"https:\/\/create.coeytaux-vins.ch\/de\/#\/schema\/logo\/image\/\"},\"sameAs\":[\"https:\/\/www.facebook.com\/cavejeandaniel.coeytaux\",\"https:\/\/twitter.com\/CaveJDC\",\"https:\/\/www.instagram.com\/cave_jean_daniel_coeytaux\/\"]}]}<\/script>\n<!-- \/ Yoast SEO plugin. -->","yoast_head_json":{"title":"Coeytaux Jean-Daniel - Vigneron - Encaveur - Gamay","robots":{"index":"index","follow":"follow","max-snippet":"max-snippet:-1","max-image-preview":"max-image-preview:large","max-video-preview":"max-video-preview:-1"},"canonical":"https:\/\/create.coeytaux-vins.ch\/de\/unsere-weine\/gamay-3\/","og_locale":"de_DE","og_type":"article","og_title":"Coeytaux Jean-Daniel - Vigneron - Encaveur - Gamay","og_description":"50 cl | 75 cl","og_url":"https:\/\/create.coeytaux-vins.ch\/de\/unsere-weine\/gamay-3\/","og_site_name":"Coeytaux Jean-Daniel","article_publisher":"https:\/\/www.facebook.com\/cavejeandaniel.coeytaux","article_modified_time":"2023-03-03T14:33:52+00:00","og_image":[{"width":620,"height":1772,"url":"https:\/\/create.coeytaux-vins.ch\/wp-content\/uploads\/2020\/03\/Gamay-50-cl-LR-min-2.png","type":"image\/png"}],"twitter_card":"summary_large_image","twitter_site":"@CaveJDC","twitter_misc":{"Gesch\u00e4tzte Lesezeit":"1 Minute"},"schema":{"@context":"https:\/\/schema.org","@graph":[{"@type":"WebPage","@id":"https:\/\/create.coeytaux-vins.ch\/de\/unsere-weine\/gamay-3\/","url":"https:\/\/create.coeytaux-vins.ch\/de\/unsere-weine\/gamay-3\/","name":"Coeytaux Jean-Daniel - Vigneron - Encaveur - Gamay","isPartOf":{"@id":"https:\/\/create.coeytaux-vins.ch\/de\/#website"},"datePublished":"2019-10-09T15:57:12+00:00","dateModified":"2023-03-03T14:33:52+00:00","breadcrumb":{"@id":"https:\/\/create.coeytaux-vins.ch\/de\/unsere-weine\/gamay-3\/#breadcrumb"},"inLanguage":"de-DE","potentialAction":[{"@type":"ReadAction","target":["https:\/\/create.coeytaux-vins.ch\/de\/unsere-weine\/gamay-3\/"]}]},{"@type":"BreadcrumbList","@id":"https:\/\/create.coeytaux-vins.ch\/de\/unsere-weine\/gamay-3\/#breadcrumb","itemListElement":[{"@type":"ListItem","position":1,"name":"Accueil","item":"https:\/\/create.coeytaux-vins.ch\/de\/"},{"@type":"ListItem","position":2,"name":"Unsere Weine","item":"https:\/\/create.coeytaux-vins.ch\/de\/unsere-weine\/"},{"@type":"ListItem","position":3,"name":"Gamay"}]},{"@type":"WebSite","@id":"https:\/\/create.coeytaux-vins.ch\/de\/#website","url":"https:\/\/create.coeytaux-vins.ch\/de\/","name":"Coeytaux Jean-Daniel","description":"Jean Daniel Coeytaux, Vigneron-Encaveur, Rue du Ch\u00e2teau 4, 1169 Yens-s\/Morges, Tel +41 21 800 47 38, Fax +41 21 800 47 57, Natel +41 79 276 30 47, jean-daniel@coeytaux-vins.ch","publisher":{"@id":"https:\/\/create.coeytaux-vins.ch\/de\/#organization"},"potentialAction":[{"@type":"SearchAction","target":{"@type":"EntryPoint","urlTemplate":"https:\/\/create.coeytaux-vins.ch\/de\/?s={search_term_string}"},"query-input":"required name=search_term_string"}],"inLanguage":"de-DE"},{"@type":"Organization","@id":"https:\/\/create.coeytaux-vins.ch\/de\/#organization","name":"Jean-Daniel Coeytaux","url":"https:\/\/create.coeytaux-vins.ch\/de\/","logo":{"@type":"ImageObject","inLanguage":"de-DE","@id":"https:\/\/create.coeytaux-vins.ch\/de\/#\/schema\/logo\/image\/","url":"https:\/\/create.coeytaux-vins.ch\/wp-content\/uploads\/2020\/08\/Logo-Cave-Jean-Daniel-Coeytaux-Vigneron-Encaveur-e1598877479575.png","contentUrl":"https:\/\/create.coeytaux-vins.ch\/wp-content\/uploads\/2020\/08\/Logo-Cave-Jean-Daniel-Coeytaux-Vigneron-Encaveur-e1598877479575.png","width":250,"height":176,"caption":"Jean-Daniel Coeytaux"},"image":{"@id":"https:\/\/create.coeytaux-vins.ch\/de\/#\/schema\/logo\/image\/"},"sameAs":["https:\/\/www.facebook.com\/cavejeandaniel.coeytaux","https:\/\/twitter.com\/CaveJDC","https:\/\/www.instagram.com\/cave_jean_daniel_coeytaux\/"]}]}},"_links":{"self":[{"href":"https:\/\/create.coeytaux-vins.ch\/de\/wp-json\/wp\/v2\/product\/4768"}],"collection":[{"href":"https:\/\/create.coeytaux-vins.ch\/de\/wp-json\/wp\/v2\/product"}],"about":[{"href":"https:\/\/create.coeytaux-vins.ch\/de\/wp-json\/wp\/v2\/types\/product"}],"replies":[{"embeddable":true,"href":"https:\/\/create.coeytaux-vins.ch\/de\/wp-json\/wp\/v2\/comments?post=4768"}],"wp:featuredmedia":[{"embeddable":true,"href":"https:\/\/create.coeytaux-vins.ch\/de\/wp-json\/wp\/v2\/media\/3126"}],"wp:attachment":[{"href":"https:\/\/create.coeytaux-vins.ch\/de\/wp-json\/wp\/v2\/media?parent=4768"}],"wp:term":[{"taxonomy":"product_cat","embeddable":true,"href":"https:\/\/create.coeytaux-vins.ch\/de\/wp-json\/wp\/v2\/product_cat?post=4768"},{"taxonomy":"product_tag","embeddable":true,"href":"https:\/\/create.coeytaux-vins.ch\/de\/wp-json\/wp\/v2\/product_tag?post=4768"}],"curies":[{"name":"wp","href":"https:\/\/api.w.org\/{rel}","templated":true}]}}