{"id":4448,"date":"2020-09-03T11:09:17","date_gmt":"2020-09-03T10:09:17","guid":{"rendered":"https:\/\/create.coeytaux-vins.ch\/praesentation\/"},"modified":"2023-10-27T16:06:04","modified_gmt":"2023-10-27T15:06:04","slug":"praesentation","status":"publish","type":"page","link":"https:\/\/create.coeytaux-vins.ch\/de\/praesentation\/","title":{"rendered":"Pr\u00e4sentation"},"content":{"rendered":"<p>[et_pb_section fb_built=&#8221;1&#8243; module_id=&#8221;part1&#8243; _builder_version=&#8221;4.16&#8243; background_enable_color=&#8221;off&#8221; custom_padding=&#8221;0px|0px|0px|0px|false|false&#8221; global_colors_info=&#8221;{}&#8221;][et_pb_row column_structure=&#8221;1_2,1_2&#8243; use_custom_gutter=&#8221;on&#8221; gutter_width=&#8221;1&#8243; make_equal=&#8221;on&#8221; _builder_version=&#8221;4.16&#8243; width=&#8221;100%&#8221; max_width=&#8221;100%&#8221; custom_padding=&#8221;0px|0px|0px|0px|false|false&#8221; global_colors_info=&#8221;{}&#8221;][et_pb_column type=&#8221;1_2&#8243; admin_label=&#8221;Left&#8221; _builder_version=&#8221;4.16&#8243; custom_padding=&#8221;0px|0px|0px|0px|true|true&#8221; custom_padding_tablet=&#8221;|0vw||0vw|true|true&#8221; custom_padding_phone=&#8221;&#8221; custom_padding_last_edited=&#8221;on|desktop&#8221; global_colors_info=&#8221;{}&#8221;][et_pb_slider show_arrows_tablet=&#8221;off&#8221; show_arrows_phone=&#8221;off&#8221; show_arrows_last_edited=&#8221;on|desktop&#8221; module_class=&#8221;et_fullscreen_slider fullheight-slider&#8221; _builder_version=&#8221;4.22.2&#8243; min_height=&#8221;100%&#8221; min_height_tablet=&#8221;500px&#8221; min_height_phone=&#8221;500px&#8221; min_height_last_edited=&#8221;on|desktop&#8221; height=&#8221;100%&#8221; custom_margin=&#8221;|||-60px|false|false&#8221; custom_margin_tablet=&#8221;|||-15px|false|false&#8221; custom_margin_phone=&#8221;&#8221; custom_margin_last_edited=&#8221;on|desktop&#8221; auto=&#8221;on&#8221; auto_speed=&#8221;3000&#8243; auto_ignore_hover=&#8221;on&#8221; hover_enabled=&#8221;0&#8243; locked=&#8221;off&#8221; global_colors_info=&#8221;{}&#8221; sticky_enabled=&#8221;0&#8243;][et_pb_slide admin_title=&#8221;image1&#8243; _builder_version=&#8221;4.16&#8243; background_image=&#8221;https:\/\/create.coeytaux-vins.ch\/wp-content\/uploads\/2020\/03\/Photo-de-Jean-Daniel-1.jpg&#8221; background_enable_image=&#8221;on&#8221; locked=&#8221;off&#8221; global_colors_info=&#8221;{}&#8221; sticky_transition=&#8221;on&#8221;][\/et_pb_slide][et_pb_slide admin_title=&#8221;image2&#8243; _builder_version=&#8221;4.16&#8243; background_image=&#8221;https:\/\/create.coeytaux-vins.ch\/wp-content\/uploads\/2020\/03\/Yves_Burdet\u00a9-014web.jpg&#8221; background_enable_image=&#8221;on&#8221; locked=&#8221;off&#8221; global_colors_info=&#8221;{}&#8221; sticky_transition=&#8221;on&#8221;][\/et_pb_slide][et_pb_slide admin_title=&#8221;image3&#8243; _builder_version=&#8221;4.16&#8243; background_image=&#8221;https:\/\/create.coeytaux-vins.ch\/wp-content\/uploads\/2020\/02\/Photo-8.jpg&#8221; background_enable_image=&#8221;on&#8221; locked=&#8221;off&#8221; global_colors_info=&#8221;{}&#8221; sticky_transition=&#8221;on&#8221;][\/et_pb_slide][\/et_pb_slider][\/et_pb_column][et_pb_column type=&#8221;1_2&#8243; admin_label=&#8221;Right&#8221; _builder_version=&#8221;4.16&#8243; custom_padding=&#8221;40px|5vw|40px|5vw|true|true&#8221; custom_padding_tablet=&#8221;&#8221; custom_padding_phone=&#8221;&#8221; custom_padding_last_edited=&#8221;on|desktop&#8221; global_colors_info=&#8221;{}&#8221;][et_pb_text admin_label=&#8221;Title&#8221; _builder_version=&#8221;4.16&#8243; custom_margin=&#8221;||15px||false|false&#8221; text_orientation_tablet=&#8221;center&#8221; text_orientation_phone=&#8221;&#8221; text_orientation_last_edited=&#8221;on|desktop&#8221; global_colors_info=&#8221;{}&#8221;]<\/p>\n<h2>Weingut &amp; Weinkeller<\/h2>\n<p>[\/et_pb_text][et_pb_text _builder_version=&#8221;4.16&#8243; text_orientation_tablet=&#8221;center&#8221; text_orientation_phone=&#8221;&#8221; text_orientation_last_edited=&#8221;on|desktop&#8221; global_colors_info=&#8221;{}&#8221;]<\/p>\n<p>Unser Weingut befindet sich in der Gemeinde Yens, im Bezirk Morges.<\/p>\n<p>Vom H\u00fcgel unseres Dorfes hat man einen wunderbaren Blick \u00fcber den ganzen Genfersee und die Alpen.<\/p>\n<p>Unser Gut verf\u00fcgt \u00fcber 8 Hektaren Reben welche Teil sind der Vereinigung \u00ab Vins de Morges \u00bb welche wiederum Teil der Appellation d\u2019origine contr\u00f4l\u00e9e (AOC) \u00ab La C\u00f4te \u00bb ist.<\/p>\n<p>Die halbhoch gef\u00fchrten Reben werden umweltfreundlich nach den Normen der Integrierten Produktion (IP) und dem Pflichtenheft von \u00abVinatura\u00bb kultiviert.<\/p>\n<p>Alle unsere Weine werden ausschliesslich mit Trauben aus unseren eigenen Parzellen produziert. Sie werden in unserem Keller gekeltert und abgef\u00fcllt und tragen ausnahmslos die Bezeichnung \u00ab Grand Cru \u00bb (Zertifizierung der Traubenherkunft und deren Qualit\u00e4t).<\/p>\n<p>Vom Rebstock bis zur Abf\u00fcllung werden alle Produktionsschritte auf unserem Gut durchgef\u00fchrt.<\/p>\n<p>Wir freuen uns, Sie jeden Samstagmorgen von 10h bis 13h in unserem Weinkeller empfangen zu d\u00fcrfen.<br \/>Kapazit\u00e4t: 40 Pl\u00e4tze<br \/>Ausserhalb dieser Zeiten auch gerne nach Absprache.<\/p>\n<p>F\u00fcr mehr Informationen: <a href=\"https:\/\/create.coeytaux-vins.ch\/de\/kontakt\/\">Kontaktieren Sie uns<\/a><\/p>\n<p>[\/et_pb_text][et_pb_blurb url=&#8221;#part2&#8243; use_icon=&#8221;on&#8221; font_icon=&#8221;&#x47;||divi||400&#8243; icon_color=&#8221;#56735a&#8221; image_icon_width=&#8221;50px&#8221; _builder_version=&#8221;4.16&#8243; custom_margin=&#8221;50px||||false|false&#8221; custom_padding=&#8221;||||false|false&#8221; icon_font_size=&#8221;50px&#8221; global_colors_info=&#8221;{}&#8221;][\/et_pb_blurb][\/et_pb_column][\/et_pb_row][\/et_pb_section][et_pb_section fb_built=&#8221;1&#8243; custom_padding_last_edited=&#8221;off|tablet&#8221; _builder_version=&#8221;4.16&#8243; background_enable_color=&#8221;off&#8221; custom_padding=&#8221;0px|0px|0px|0px|false|false&#8221; global_colors_info=&#8221;{}&#8221;][et_pb_row module_id=&#8221;part2&#8243; module_class=&#8221;anchor&#8221; _builder_version=&#8221;4.16&#8243; _module_preset=&#8221;default&#8221; width=&#8221;100%&#8221; max_width=&#8221;100%&#8221; module_alignment=&#8221;center&#8221; min_height=&#8221;0px&#8221; height=&#8221;0px&#8221; max_height=&#8221;0px&#8221; custom_margin=&#8221;0px|0px|0px|0px|true|true&#8221; custom_padding=&#8221;0px|0px|0px|0px|true|true&#8221; locked=&#8221;off&#8221; global_colors_info=&#8221;{}&#8221;][et_pb_column type=&#8221;4_4&#8243; _builder_version=&#8221;4.16&#8243; _module_preset=&#8221;default&#8221; custom_padding=&#8221;0px||0px|0px|true|false&#8221; global_colors_info=&#8221;{}&#8221;][et_pb_divider show_divider=&#8221;off&#8221; _builder_version=&#8221;4.16&#8243; _module_preset=&#8221;default&#8221; module_alignment=&#8221;center&#8221; min_height=&#8221;0px&#8221; height=&#8221;0px&#8221; max_height=&#8221;0px&#8221; custom_margin=&#8221;0px|0px|0px|0px|true|true&#8221; custom_padding=&#8221;0px|0px|0px|0px|true|true&#8221; global_colors_info=&#8221;{}&#8221;][\/et_pb_divider][\/et_pb_column][\/et_pb_row][et_pb_row column_structure=&#8221;1_2,1_2&#8243; use_custom_gutter=&#8221;on&#8221; gutter_width=&#8221;1&#8243; make_equal=&#8221;on&#8221; module_class=&#8221;mobile-reverse&#8221; _builder_version=&#8221;4.16&#8243; width=&#8221;100%&#8221; max_width=&#8221;100%&#8221; custom_padding=&#8221;0px|0px|0px|0px|false|false&#8221; global_colors_info=&#8221;{}&#8221;][et_pb_column type=&#8221;1_2&#8243; admin_label=&#8221;Left&#8221; _builder_version=&#8221;4.16&#8243; custom_padding=&#8221;40px|5vw|40px|5vw|true|true&#8221; custom_padding_tablet=&#8221;40px||||false|false&#8221; custom_padding_phone=&#8221;&#8221; custom_padding_last_edited=&#8221;on|phone&#8221; global_colors_info=&#8221;{}&#8221;][et_pb_text admin_label=&#8221;Heading&#8221; _builder_version=&#8221;4.16&#8243; header_2_font_size=&#8221;51px&#8221; custom_margin=&#8221;||15px||false|false&#8221; header_2_font_size_tablet=&#8221;38px&#8221; header_2_font_size_phone=&#8221;28px&#8221; header_2_font_size_last_edited=&#8221;on|desktop&#8221; text_orientation_tablet=&#8221;center&#8221; text_orientation_phone=&#8221;&#8221; text_orientation_last_edited=&#8221;on|desktop&#8221; global_colors_info=&#8221;{}&#8221;]<\/p>\n<h2>Geschichte<\/h2>\n<p>[\/et_pb_text][et_pb_text _builder_version=&#8221;4.16&#8243; text_orientation_tablet=&#8221;center&#8221; text_orientation_phone=&#8221;&#8221; text_orientation_last_edited=&#8221;on|desktop&#8221; global_colors_info=&#8221;{}&#8221;]<\/p>\n<p>1950 wurde das Gut von Henri Coeytaux \u00fcbernommen welcher es bis 1974 f\u00fchrte.<\/p>\n<p>Von 1974 an bis 1995 waren es seine zwei S\u00f6hne, Henri und Jean-Claude Coeytaux, welche das Weingut \u00fcbernommen haben. In diesen 20 Jahren wurden viele Arbeiten und Modifikationen durchgef\u00fchrt, sowohl auf Gutsebene (Restrukturierung der Parzellen) wie auch am Geb\u00e4ude. Unser Haus datiert aus dem Jahre 1597.<\/p>\n<p>Auf Wunsch von Jean-Daniel, Sohn von Jean-Claude, wird seit 1988 der Wein auf dem Gut gekeltert und abgef\u00fcllt.<\/p>\n<p>1994 \u00fcbernimmt Jean-Daniel Coeytaux dann das Landwirtschafts- (20 ha) und Weingut (8 ha).<\/p>\n<p>Seit 1995 entwickelt Jean-Daniel, begleitet von seiner Gattin Sylvie, die Vinifikation und die Lagerung der Produktion weiter. Von der Rebe bis zum Verkauf der Flaschen werden alle Etappen auf dem eigenen Hof durchgef\u00fchrt.<\/p>\n<p>[\/et_pb_text][\/et_pb_column][et_pb_column type=&#8221;1_2&#8243; admin_label=&#8221;Slider&#8221; _builder_version=&#8221;4.16&#8243; custom_padding=&#8221;0px|0px|0px|0px|false|false&#8221; custom_padding_tablet=&#8221;0px||0px||true|false&#8221; custom_padding_phone=&#8221;||||true&#8221; custom_padding_last_edited=&#8221;on|phone&#8221; global_colors_info=&#8221;{}&#8221;][et_pb_slider show_arrows_tablet=&#8221;off&#8221; show_arrows_phone=&#8221;off&#8221; show_arrows_last_edited=&#8221;on|desktop&#8221; module_class=&#8221;et_fullscreen_slider&#8221; _builder_version=&#8221;4.16&#8243; min_height=&#8221;75vh&#8221; min_height_tablet=&#8221;500px&#8221; min_height_phone=&#8221;500px&#8221; min_height_last_edited=&#8221;on|desktop&#8221; height=&#8221;100%&#8221; custom_margin=&#8221;||||false|false&#8221; custom_margin_tablet=&#8221;||||false|false&#8221; custom_margin_phone=&#8221;&#8221; custom_margin_last_edited=&#8221;on|tablet&#8221; auto=&#8221;on&#8221; auto_speed=&#8221;3000&#8243; auto_ignore_hover=&#8221;on&#8221; global_colors_info=&#8221;{}&#8221;][et_pb_slide _builder_version=&#8221;4.16&#8243; background_image=&#8221;https:\/\/create.coeytaux-vins.ch\/wp-content\/uploads\/2020\/07\/Photo-de-Sylvie-et-Jean-Daniel.jpg&#8221; background_enable_image=&#8221;on&#8221; background_position=&#8221;bottom_center&#8221; global_colors_info=&#8221;{}&#8221; sticky_transition=&#8221;on&#8221;][\/et_pb_slide][\/et_pb_slider][\/et_pb_column][\/et_pb_row][\/et_pb_section]<\/p>\n","protected":false},"excerpt":{"rendered":"<p>Weingut &amp; WeinkellerUnser Weingut befindet sich in der Gemeinde Yens, im Bezirk Morges. Vom H\u00fcgel unseres Dorfes hat man einen wunderbaren Blick \u00fcber den ganzen Genfersee und die Alpen. Unser Gut verf\u00fcgt \u00fcber 8 Hektaren Reben welche Teil sind der Vereinigung \u00ab Vins de Morges \u00bb welche wiederum Teil der Appellation d\u2019origine contr\u00f4l\u00e9e (AOC) \u00ab [&hellip;]<\/p>\n","protected":false},"author":1,"featured_media":0,"parent":0,"menu_order":42,"comment_status":"closed","ping_status":"closed","template":"","meta":{"_et_pb_use_builder":"on","_et_pb_old_content":"","_et_gb_content_width":"","inline_featured_image":false,"footnotes":""},"yoast_head":"<!-- This site is optimized with the Yoast SEO plugin v21.5 - https:\/\/yoast.com\/wordpress\/plugins\/seo\/ -->\n<title>Coeytaux Jean-Daniel - Vigneron - Encaveur - Pr\u00e4sentation<\/title>\n<meta name=\"robots\" content=\"index, follow, max-snippet:-1, max-image-preview:large, max-video-preview:-1\" \/>\n<link rel=\"canonical\" href=\"https:\/\/create.coeytaux-vins.ch\/de\/praesentation\/\" \/>\n<meta property=\"og:locale\" content=\"de_DE\" \/>\n<meta property=\"og:type\" content=\"article\" \/>\n<meta property=\"og:title\" content=\"Coeytaux Jean-Daniel - Vigneron - Encaveur - Pr\u00e4sentation\" \/>\n<meta property=\"og:description\" content=\"Weingut &amp; WeinkellerUnser Weingut befindet sich in der Gemeinde Yens, im Bezirk Morges. Vom H\u00fcgel unseres Dorfes hat man einen wunderbaren Blick \u00fcber den ganzen Genfersee und die Alpen. Unser Gut verf\u00fcgt \u00fcber 8 Hektaren Reben welche Teil sind der Vereinigung \u00ab Vins de Morges \u00bb welche wiederum Teil der Appellation d\u2019origine contr\u00f4l\u00e9e (AOC) \u00ab [&hellip;]\" \/>\n<meta property=\"og:url\" content=\"https:\/\/create.coeytaux-vins.ch\/de\/praesentation\/\" \/>\n<meta property=\"og:site_name\" content=\"Coeytaux Jean-Daniel\" \/>\n<meta property=\"article:publisher\" content=\"https:\/\/www.facebook.com\/cavejeandaniel.coeytaux\" \/>\n<meta property=\"article:modified_time\" content=\"2023-10-27T15:06:04+00:00\" \/>\n<meta name=\"twitter:card\" content=\"summary_large_image\" \/>\n<meta name=\"twitter:site\" content=\"@CaveJDC\" \/>\n<meta name=\"twitter:label1\" content=\"Gesch\u00e4tzte Lesezeit\" \/>\n\t<meta name=\"twitter:data1\" content=\"6 Minuten\" \/>\n<script type=\"application\/ld+json\" class=\"yoast-schema-graph\">{\"@context\":\"https:\/\/schema.org\",\"@graph\":[{\"@type\":\"WebPage\",\"@id\":\"https:\/\/create.coeytaux-vins.ch\/de\/praesentation\/\",\"url\":\"https:\/\/create.coeytaux-vins.ch\/de\/praesentation\/\",\"name\":\"Coeytaux Jean-Daniel - Vigneron - Encaveur - Pr\u00e4sentation\",\"isPartOf\":{\"@id\":\"https:\/\/create.coeytaux-vins.ch\/de\/#website\"},\"datePublished\":\"2020-09-03T10:09:17+00:00\",\"dateModified\":\"2023-10-27T15:06:04+00:00\",\"breadcrumb\":{\"@id\":\"https:\/\/create.coeytaux-vins.ch\/de\/praesentation\/#breadcrumb\"},\"inLanguage\":\"de-DE\",\"potentialAction\":[{\"@type\":\"ReadAction\",\"target\":[\"https:\/\/create.coeytaux-vins.ch\/de\/praesentation\/\"]}]},{\"@type\":\"BreadcrumbList\",\"@id\":\"https:\/\/create.coeytaux-vins.ch\/de\/praesentation\/#breadcrumb\",\"itemListElement\":[{\"@type\":\"ListItem\",\"position\":1,\"name\":\"Accueil\",\"item\":\"https:\/\/create.coeytaux-vins.ch\/de\/\"},{\"@type\":\"ListItem\",\"position\":2,\"name\":\"Pr\u00e4sentation\"}]},{\"@type\":\"WebSite\",\"@id\":\"https:\/\/create.coeytaux-vins.ch\/de\/#website\",\"url\":\"https:\/\/create.coeytaux-vins.ch\/de\/\",\"name\":\"Coeytaux Jean-Daniel\",\"description\":\"Jean Daniel Coeytaux, Vigneron-Encaveur, Rue du Ch\u00e2teau 4, 1169 Yens-s\/Morges, Tel +41 21 800 47 38, Fax +41 21 800 47 57, Natel +41 79 276 30 47, jean-daniel@coeytaux-vins.ch\",\"publisher\":{\"@id\":\"https:\/\/create.coeytaux-vins.ch\/de\/#organization\"},\"potentialAction\":[{\"@type\":\"SearchAction\",\"target\":{\"@type\":\"EntryPoint\",\"urlTemplate\":\"https:\/\/create.coeytaux-vins.ch\/de\/?s={search_term_string}\"},\"query-input\":\"required name=search_term_string\"}],\"inLanguage\":\"de-DE\"},{\"@type\":\"Organization\",\"@id\":\"https:\/\/create.coeytaux-vins.ch\/de\/#organization\",\"name\":\"Jean-Daniel Coeytaux\",\"url\":\"https:\/\/create.coeytaux-vins.ch\/de\/\",\"logo\":{\"@type\":\"ImageObject\",\"inLanguage\":\"de-DE\",\"@id\":\"https:\/\/create.coeytaux-vins.ch\/de\/#\/schema\/logo\/image\/\",\"url\":\"https:\/\/create.coeytaux-vins.ch\/wp-content\/uploads\/2020\/08\/Logo-Cave-Jean-Daniel-Coeytaux-Vigneron-Encaveur-e1598877479575.png\",\"contentUrl\":\"https:\/\/create.coeytaux-vins.ch\/wp-content\/uploads\/2020\/08\/Logo-Cave-Jean-Daniel-Coeytaux-Vigneron-Encaveur-e1598877479575.png\",\"width\":250,\"height\":176,\"caption\":\"Jean-Daniel Coeytaux\"},\"image\":{\"@id\":\"https:\/\/create.coeytaux-vins.ch\/de\/#\/schema\/logo\/image\/\"},\"sameAs\":[\"https:\/\/www.facebook.com\/cavejeandaniel.coeytaux\",\"https:\/\/twitter.com\/CaveJDC\",\"https:\/\/www.instagram.com\/cave_jean_daniel_coeytaux\/\"]}]}<\/script>\n<!-- \/ Yoast SEO plugin. -->","yoast_head_json":{"title":"Coeytaux Jean-Daniel - Vigneron - Encaveur - Pr\u00e4sentation","robots":{"index":"index","follow":"follow","max-snippet":"max-snippet:-1","max-image-preview":"max-image-preview:large","max-video-preview":"max-video-preview:-1"},"canonical":"https:\/\/create.coeytaux-vins.ch\/de\/praesentation\/","og_locale":"de_DE","og_type":"article","og_title":"Coeytaux Jean-Daniel - Vigneron - Encaveur - Pr\u00e4sentation","og_description":"Weingut &amp; WeinkellerUnser Weingut befindet sich in der Gemeinde Yens, im Bezirk Morges. Vom H\u00fcgel unseres Dorfes hat man einen wunderbaren Blick \u00fcber den ganzen Genfersee und die Alpen. Unser Gut verf\u00fcgt \u00fcber 8 Hektaren Reben welche Teil sind der Vereinigung \u00ab Vins de Morges \u00bb welche wiederum Teil der Appellation d\u2019origine contr\u00f4l\u00e9e (AOC) \u00ab [&hellip;]","og_url":"https:\/\/create.coeytaux-vins.ch\/de\/praesentation\/","og_site_name":"Coeytaux Jean-Daniel","article_publisher":"https:\/\/www.facebook.com\/cavejeandaniel.coeytaux","article_modified_time":"2023-10-27T15:06:04+00:00","twitter_card":"summary_large_image","twitter_site":"@CaveJDC","twitter_misc":{"Gesch\u00e4tzte Lesezeit":"6 Minuten"},"schema":{"@context":"https:\/\/schema.org","@graph":[{"@type":"WebPage","@id":"https:\/\/create.coeytaux-vins.ch\/de\/praesentation\/","url":"https:\/\/create.coeytaux-vins.ch\/de\/praesentation\/","name":"Coeytaux Jean-Daniel - Vigneron - Encaveur - Pr\u00e4sentation","isPartOf":{"@id":"https:\/\/create.coeytaux-vins.ch\/de\/#website"},"datePublished":"2020-09-03T10:09:17+00:00","dateModified":"2023-10-27T15:06:04+00:00","breadcrumb":{"@id":"https:\/\/create.coeytaux-vins.ch\/de\/praesentation\/#breadcrumb"},"inLanguage":"de-DE","potentialAction":[{"@type":"ReadAction","target":["https:\/\/create.coeytaux-vins.ch\/de\/praesentation\/"]}]},{"@type":"BreadcrumbList","@id":"https:\/\/create.coeytaux-vins.ch\/de\/praesentation\/#breadcrumb","itemListElement":[{"@type":"ListItem","position":1,"name":"Accueil","item":"https:\/\/create.coeytaux-vins.ch\/de\/"},{"@type":"ListItem","position":2,"name":"Pr\u00e4sentation"}]},{"@type":"WebSite","@id":"https:\/\/create.coeytaux-vins.ch\/de\/#website","url":"https:\/\/create.coeytaux-vins.ch\/de\/","name":"Coeytaux Jean-Daniel","description":"Jean Daniel Coeytaux, Vigneron-Encaveur, Rue du Ch\u00e2teau 4, 1169 Yens-s\/Morges, Tel +41 21 800 47 38, Fax +41 21 800 47 57, Natel +41 79 276 30 47, jean-daniel@coeytaux-vins.ch","publisher":{"@id":"https:\/\/create.coeytaux-vins.ch\/de\/#organization"},"potentialAction":[{"@type":"SearchAction","target":{"@type":"EntryPoint","urlTemplate":"https:\/\/create.coeytaux-vins.ch\/de\/?s={search_term_string}"},"query-input":"required name=search_term_string"}],"inLanguage":"de-DE"},{"@type":"Organization","@id":"https:\/\/create.coeytaux-vins.ch\/de\/#organization","name":"Jean-Daniel Coeytaux","url":"https:\/\/create.coeytaux-vins.ch\/de\/","logo":{"@type":"ImageObject","inLanguage":"de-DE","@id":"https:\/\/create.coeytaux-vins.ch\/de\/#\/schema\/logo\/image\/","url":"https:\/\/create.coeytaux-vins.ch\/wp-content\/uploads\/2020\/08\/Logo-Cave-Jean-Daniel-Coeytaux-Vigneron-Encaveur-e1598877479575.png","contentUrl":"https:\/\/create.coeytaux-vins.ch\/wp-content\/uploads\/2020\/08\/Logo-Cave-Jean-Daniel-Coeytaux-Vigneron-Encaveur-e1598877479575.png","width":250,"height":176,"caption":"Jean-Daniel Coeytaux"},"image":{"@id":"https:\/\/create.coeytaux-vins.ch\/de\/#\/schema\/logo\/image\/"},"sameAs":["https:\/\/www.facebook.com\/cavejeandaniel.coeytaux","https:\/\/twitter.com\/CaveJDC","https:\/\/www.instagram.com\/cave_jean_daniel_coeytaux\/"]}]}},"_links":{"self":[{"href":"https:\/\/create.coeytaux-vins.ch\/de\/wp-json\/wp\/v2\/pages\/4448"}],"collection":[{"href":"https:\/\/create.coeytaux-vins.ch\/de\/wp-json\/wp\/v2\/pages"}],"about":[{"href":"https:\/\/create.coeytaux-vins.ch\/de\/wp-json\/wp\/v2\/types\/page"}],"author":[{"embeddable":true,"href":"https:\/\/create.coeytaux-vins.ch\/de\/wp-json\/wp\/v2\/users\/1"}],"replies":[{"embeddable":true,"href":"https:\/\/create.coeytaux-vins.ch\/de\/wp-json\/wp\/v2\/comments?post=4448"}],"version-history":[{"count":36,"href":"https:\/\/create.coeytaux-vins.ch\/de\/wp-json\/wp\/v2\/pages\/4448\/revisions"}],"predecessor-version":[{"id":23534,"href":"https:\/\/create.coeytaux-vins.ch\/de\/wp-json\/wp\/v2\/pages\/4448\/revisions\/23534"}],"wp:attachment":[{"href":"https:\/\/create.coeytaux-vins.ch\/de\/wp-json\/wp\/v2\/media?parent=4448"}],"curies":[{"name":"wp","href":"https:\/\/api.w.org\/{rel}","templated":true}]}}