{"id":4436,"date":"2020-09-03T10:25:52","date_gmt":"2020-09-03T09:25:52","guid":{"rendered":"https:\/\/create.coeytaux-vins.ch\/home\/"},"modified":"2023-07-10T12:53:40","modified_gmt":"2023-07-10T11:53:40","slug":"home","status":"publish","type":"page","link":"https:\/\/create.coeytaux-vins.ch\/de\/","title":{"rendered":"Home-DE"},"content":{"rendered":"<p>[et_pb_section fb_built=&#8221;1&#8243; fullwidth=&#8221;on&#8221; _builder_version=&#8221;4.16&#8243; global_colors_info=&#8221;{}&#8221;][et_pb_fullwidth_slider use_bg_overlay=&#8221;on&#8221; bg_overlay_color=&#8221;rgba(0,0,0,0.41)&#8221; use_text_overlay=&#8221;off&#8221; show_arrows_tablet=&#8221;off&#8221; show_arrows_phone=&#8221;off&#8221; show_arrows_last_edited=&#8221;on|phone&#8221; show_pagination_tablet=&#8221;on&#8221; show_pagination_phone=&#8221;on&#8221; show_pagination_last_edited=&#8221;on|desktop&#8221; _builder_version=&#8221;4.21.0&#8243; header_level=&#8221;h1&#8243; header_font=&#8221;||||||||&#8221; header_font_size=&#8221;60px&#8221; custom_button=&#8221;on&#8221; button_text_size=&#8221;17px&#8221; button_font=&#8221;||||||||&#8221; button_use_icon=&#8221;off&#8221; button_custom_margin=&#8221;30px||||false|false&#8221; button_custom_margin_tablet=&#8221;20px||||false|false&#8221; button_custom_margin_phone=&#8221;&#8221; button_custom_margin_last_edited=&#8221;on|desktop&#8221; button_custom_padding=&#8221;4px|12px|3px|12px|false|false&#8221; content_max_width=&#8221;1000px&#8221; custom_padding=&#8221;200px||200px||true|false&#8221; custom_padding_tablet=&#8221;130px||130px||true|false&#8221; custom_padding_phone=&#8221;100px||100px||true|false&#8221; custom_padding_last_edited=&#8221;on|desktop&#8221; auto=&#8221;on&#8221; auto_speed=&#8221;3000&#8243; auto_ignore_hover=&#8221;on&#8221; hover_enabled=&#8221;0&#8243; header_font_size_tablet=&#8221;51px&#8221; header_font_size_phone=&#8221;38px&#8221; header_font_size_last_edited=&#8221;on|desktop&#8221; header_text_shadow_style=&#8221;preset1&#8243; header_text_shadow_blur_strength=&#8221;0.2em&#8221; header_text_shadow_color=&#8221;#222222&#8243; text_shadow_style=&#8221;preset1&#8243; text_shadow_blur_strength=&#8221;0.3em&#8221; text_shadow_color=&#8221;#222222&#8243; global_colors_info=&#8221;{}&#8221; button_bg_color__hover_enabled=&#8221;off|desktop&#8221; button_border_color__hover_enabled=&#8221;off|desktop&#8221; sticky_enabled=&#8221;0&#8243;][et_pb_slide button_link=&#8221;@ET-DC@eyJkeW5hbWljIjp0cnVlLCJjb250ZW50IjoicG9zdF9saW5rX3VybF9wYWdlIiwic2V0dGluZ3MiOnsicG9zdF9pZCI6IjEwIn19@&#8221; use_bg_overlay=&#8221;off&#8221; image_last_edited=&#8221;off|desktop&#8221; _builder_version=&#8221;4.21.0&#8243; _dynamic_attributes=&#8221;button_link&#8221; header_level=&#8221;h6&#8243; header_font=&#8221;||||||||&#8221; background_color=&#8221;rgba(34,34,34,0.3)&#8221; background_enable_color=&#8221;on&#8221; background_image=&#8221;https:\/\/create.coeytaux-vins.ch\/wp-content\/uploads\/2023\/07\/Banniere-pour-site-Internet-GaultMillau-2023.png&#8221; background_enable_image=&#8221;on&#8221; hover_enabled=&#8221;0&#8243; background_last_edited=&#8221;off|desktop&#8221; global_colors_info=&#8221;{}&#8221; image__hover_enabled=&#8221;off|desktop&#8221; background__hover_enabled=&#8221;off|desktop&#8221; sticky_transition=&#8221;on&#8221; title_text=&#8221;Banni\u00e8re pour site Internet &#8211; Gault&#038;Millau &#8211; 2023&#8243; sticky_enabled=&#8221;0&#8243;][\/et_pb_slide][et_pb_slide button_link=&#8221;@ET-DC@eyJkeW5hbWljIjp0cnVlLCJjb250ZW50IjoicG9zdF9saW5rX3VybF9wYWdlIiwic2V0dGluZ3MiOnsicG9zdF9pZCI6IjEwIn19@&#8221; use_bg_overlay=&#8221;off&#8221; image_last_edited=&#8221;off|desktop&#8221; _builder_version=&#8221;4.18.0&#8243; _dynamic_attributes=&#8221;button_link&#8221; header_level=&#8221;h6&#8243; header_font=&#8221;||||||||&#8221; background_color=&#8221;rgba(34,34,34,0.3)&#8221; background_enable_color=&#8221;on&#8221; background_image=&#8221;https:\/\/create.coeytaux-vins.ch\/wp-content\/uploads\/2023\/07\/Banniere-pour-site-Internet-Or-Mondial-du-Chasselas-1.png&#8221; background_enable_image=&#8221;on&#8221; background_last_edited=&#8221;off|desktop&#8221; global_colors_info=&#8221;{}&#8221; image__hover_enabled=&#8221;off|desktop&#8221; background__hover_enabled=&#8221;off|desktop&#8221; sticky_transition=&#8221;on&#8221;][\/et_pb_slide][et_pb_slide heading=&#8221;Von der Rebe\u2026 ins Glas!&#8221; button_link=&#8221;@ET-DC@eyJkeW5hbWljIjp0cnVlLCJjb250ZW50IjoicG9zdF9saW5rX3VybF9wYWdlIiwic2V0dGluZ3MiOnsicG9zdF9pZCI6IjEwIn19@&#8221; use_bg_overlay=&#8221;on&#8221; image_last_edited=&#8221;off|desktop&#8221; _builder_version=&#8221;4.16&#8243; _dynamic_attributes=&#8221;button_link&#8221; header_level=&#8221;h6&#8243; header_font=&#8221;||||||||&#8221; background_color=&#8221;rgba(34,34,34,0.3)&#8221; background_enable_color=&#8221;on&#8221; background_image=&#8221;https:\/\/create.coeytaux-vins.ch\/wp-content\/uploads\/2020\/02\/home.jpg&#8221; background_enable_image=&#8221;on&#8221; background_last_edited=&#8221;off|desktop&#8221; global_colors_info=&#8221;{}&#8221; image__hover_enabled=&#8221;off|desktop&#8221; background__hover_enabled=&#8221;off|desktop&#8221; sticky_transition=&#8221;on&#8221;]<\/p>\n<h2>Mit Herz und Leidenschaft&#8230;<\/h2>\n<p>[\/et_pb_slide][et_pb_slide heading=&#8221;Von der Rebe\u2026 ins Glas!&#8221; button_link=&#8221;@ET-DC@eyJkeW5hbWljIjp0cnVlLCJjb250ZW50IjoicG9zdF9saW5rX3VybF9wYWdlIiwic2V0dGluZ3MiOnsicG9zdF9pZCI6IjEwIn19@&#8221; use_bg_overlay=&#8221;on&#8221; image_last_edited=&#8221;off|desktop&#8221; _builder_version=&#8221;4.16&#8243; _dynamic_attributes=&#8221;button_link&#8221; header_level=&#8221;h6&#8243; header_font=&#8221;||||||||&#8221; background_color=&#8221;rgba(34,34,34,0.3)&#8221; background_enable_color=&#8221;on&#8221; background_image=&#8221;https:\/\/create.coeytaux-vins.ch\/wp-content\/uploads\/2020\/03\/Vendanges-2019-48.jpg&#8221; background_enable_image=&#8221;on&#8221; background_last_edited=&#8221;off|desktop&#8221; global_colors_info=&#8221;{}&#8221; image__hover_enabled=&#8221;off|desktop&#8221; background__hover_enabled=&#8221;off|desktop&#8221; sticky_transition=&#8221;on&#8221;]<\/p>\n<h2>Mit Herz und Leidenschaft&#8230;<\/h2>\n<p>[\/et_pb_slide][et_pb_slide heading=&#8221;Von der Rebe\u2026 ins Glas!&#8221; button_link=&#8221;@ET-DC@eyJkeW5hbWljIjp0cnVlLCJjb250ZW50IjoicG9zdF9saW5rX3VybF9wYWdlIiwic2V0dGluZ3MiOnsicG9zdF9pZCI6IjEwIn19@&#8221; use_bg_overlay=&#8221;on&#8221; image_last_edited=&#8221;off|desktop&#8221; _builder_version=&#8221;4.16&#8243; _dynamic_attributes=&#8221;button_link&#8221; header_level=&#8221;h6&#8243; header_font=&#8221;||||||||&#8221; background_color=&#8221;rgba(34,34,34,0.3)&#8221; background_enable_color=&#8221;on&#8221; background_image=&#8221;https:\/\/create.coeytaux-vins.ch\/wp-content\/uploads\/2020\/10\/Vue-sur-les-Alpes.jpg&#8221; background_enable_image=&#8221;on&#8221; background_last_edited=&#8221;off|desktop&#8221; global_colors_info=&#8221;{}&#8221; image__hover_enabled=&#8221;off|desktop&#8221; background__hover_enabled=&#8221;off|desktop&#8221; sticky_transition=&#8221;on&#8221;]<\/p>\n<h2>Mit Herz und Leidenschaft&#8230;<\/h2>\n<p>[\/et_pb_slide][et_pb_slide heading=&#8221;Von der Rebe\u2026 ins Glas!&#8221; button_link=&#8221;@ET-DC@eyJkeW5hbWljIjp0cnVlLCJjb250ZW50IjoicG9zdF9saW5rX3VybF9wYWdlIiwic2V0dGluZ3MiOnsicG9zdF9pZCI6IjEwIn19@&#8221; use_bg_overlay=&#8221;on&#8221; image_last_edited=&#8221;off|desktop&#8221; _builder_version=&#8221;4.16&#8243; _dynamic_attributes=&#8221;button_link&#8221; header_level=&#8221;h6&#8243; header_font=&#8221;||||||||&#8221; background_color=&#8221;rgba(34,34,34,0.3)&#8221; background_enable_color=&#8221;on&#8221; background_image=&#8221;https:\/\/create.coeytaux-vins.ch\/wp-content\/uploads\/2020\/03\/Cave-Jean-Daniel-Coeytaux-Photo-cep-de-vigne-automne.jpg&#8221; background_enable_image=&#8221;on&#8221; background_last_edited=&#8221;off|desktop&#8221; global_colors_info=&#8221;{}&#8221; image__hover_enabled=&#8221;off|desktop&#8221; background__hover_enabled=&#8221;off|desktop&#8221; sticky_transition=&#8221;on&#8221;]<\/p>\n<h2>Mit Herz und Leidenschaft&#8230;<\/h2>\n<p>[\/et_pb_slide][et_pb_slide heading=&#8221;Von der Rebe\u2026 ins Glas!&#8221; button_link=&#8221;@ET-DC@eyJkeW5hbWljIjp0cnVlLCJjb250ZW50IjoicG9zdF9saW5rX3VybF9wYWdlIiwic2V0dGluZ3MiOnsicG9zdF9pZCI6IjEwIn19@&#8221; use_bg_overlay=&#8221;on&#8221; image_last_edited=&#8221;off|desktop&#8221; _builder_version=&#8221;4.16&#8243; _dynamic_attributes=&#8221;button_link&#8221; header_level=&#8221;h6&#8243; header_font=&#8221;||||||||&#8221; background_color=&#8221;rgba(34,34,34,0.3)&#8221; background_enable_color=&#8221;on&#8221; background_image=&#8221;https:\/\/create.coeytaux-vins.ch\/wp-content\/uploads\/2020\/10\/Cave-Jean-Daniel-Coeytaux-Vendanges-2020-26-scaled.jpg&#8221; background_enable_image=&#8221;on&#8221; background_last_edited=&#8221;off|desktop&#8221; global_colors_info=&#8221;{}&#8221; image__hover_enabled=&#8221;off|desktop&#8221; background__hover_enabled=&#8221;off|desktop&#8221; sticky_transition=&#8221;on&#8221;]<\/p>\n<h2>Mit Herz und Leidenschaft&#8230;<\/h2>\n<p>[\/et_pb_slide][et_pb_slide heading=&#8221;Von der Rebe\u2026 ins Glas!&#8221; button_link=&#8221;@ET-DC@eyJkeW5hbWljIjp0cnVlLCJjb250ZW50IjoicG9zdF9saW5rX3VybF9wYWdlIiwic2V0dGluZ3MiOnsicG9zdF9pZCI6IjEwIn19@&#8221; use_bg_overlay=&#8221;off&#8221; image_last_edited=&#8221;off|desktop&#8221; _builder_version=&#8221;4.16&#8243; _dynamic_attributes=&#8221;button_link&#8221; header_level=&#8221;h6&#8243; header_font=&#8221;||||||||&#8221; background_color=&#8221;rgba(34,34,34,0.3)&#8221; background_enable_color=&#8221;on&#8221; background_image=&#8221;https:\/\/create.coeytaux-vins.ch\/wp-content\/uploads\/2021\/09\/Vue-des-Vignes.jpg&#8221; background_enable_image=&#8221;on&#8221; background_last_edited=&#8221;off|desktop&#8221; header_text_shadow_style=&#8221;preset1&#8243; header_text_shadow_blur_strength=&#8221;0.26em&#8221; header_text_shadow_color=&#8221;#000000&#8243; body_text_shadow_style=&#8221;preset1&#8243; body_text_shadow_blur_strength=&#8221;0.35em&#8221; body_text_shadow_color=&#8221;#000000&#8243; global_colors_info=&#8221;{}&#8221; image__hover_enabled=&#8221;off|desktop&#8221; background__hover_enabled=&#8221;off|desktop&#8221; sticky_transition=&#8221;on&#8221;]<\/p>\n<h2>Mit Herz und Leidenschaft&#8230;<\/h2>\n<p>[\/et_pb_slide][\/et_pb_fullwidth_slider][\/et_pb_section][et_pb_section fb_built=&#8221;1&#8243; admin_label=&#8221;Top Content&#8221; _builder_version=&#8221;4.16&#8243; custom_padding=&#8221;|40px|40px|40px|false|true&#8221; global_colors_info=&#8221;{}&#8221;][et_pb_row custom_padding_last_edited=&#8221;on|desktop&#8221; _builder_version=&#8221;4.16&#8243; custom_padding=&#8221;0px||0px||false|false&#8221; custom_padding_tablet=&#8221;||0px||false|false&#8221; custom_padding_phone=&#8221;&#8221; global_colors_info=&#8221;{}&#8221;][et_pb_column type=&#8221;4_4&#8243; _builder_version=&#8221;4.16&#8243; global_colors_info=&#8221;{}&#8221;][et_pb_text admin_label=&#8221;Heading&#8221; _builder_version=&#8221;4.16&#8243; header_2_font_size=&#8221;51px&#8221; text_orientation=&#8221;center&#8221; custom_margin=&#8221;||10px||false|false&#8221; header_font_size_last_edited=&#8221;off|tablet&#8221; header_2_font_size_tablet=&#8221;38px&#8221; header_2_font_size_phone=&#8221;28px&#8221; header_2_font_size_last_edited=&#8221;on|desktop&#8221; global_colors_info=&#8221;{}&#8221;]<\/p>\n<h2>Willkommen<\/h2>\n<p>[\/et_pb_text][et_pb_text _builder_version=&#8221;4.16&#8243; text_orientation=&#8221;center&#8221; custom_margin=&#8221;||30px||false|false&#8221; custom_margin_tablet=&#8221;||40px||false|false&#8221; custom_margin_phone=&#8221;||30px||false|false&#8221; custom_margin_last_edited=&#8221;on|desktop&#8221; global_colors_info=&#8221;{}&#8221;]<\/p>\n<p>Unser Weingut befindet sich in der Gemeinde Yens, im Bezirk Morges.<\/p>\n<p>Vom H\u00fcgel unseres Dorfes hat man einen wunderbaren Blick \u00fcber den ganzen Genfersee und die Alpen.<\/p>\n<p>Unser Gut verf\u00fcgt \u00fcber 8 Hektaren Reben welche Teil sind der Vereinigung \u00ab Vins de Morges \u00bb welche wiederum Teil der Appellation d\u2019origine contr\u00f4l\u00e9e (AOC) \u00ab La C\u00f4te \u00bb ist.<\/p>\n<p>[\/et_pb_text][et_pb_blurb url=&#8221;https:\/\/www.socialpass.ch\/telecharger-social-pass\/?lang=de&#8221; url_new_window=&#8221;on&#8221; image=&#8221;https:\/\/www.socialpass.ch\/wp-content\/uploads\/2020\/05\/SocialPass-logo-149&#215;149.png&#8221; image_icon_width=&#8221;50%&#8221; image_icon_width_tablet=&#8221;50%&#8221; image_icon_width_phone=&#8221;50%&#8221; image_icon_width_last_edited=&#8221;on|desktop&#8221; disabled_on=&#8221;on|on|on&#8221; _builder_version=&#8221;4.16&#8243; _module_preset=&#8221;default&#8221; custom_margin=&#8221;||60px||false|false&#8221; custom_margin_last_edited=&#8221;off|desktop&#8221; image_max_width=&#8221;50%&#8221; image_max_width_tablet=&#8221;&#8221; image_max_width_phone=&#8221;&#8221; image_max_width_last_edited=&#8221;on|desktop&#8221; disabled=&#8221;on&#8221; global_colors_info=&#8221;{}&#8221;]<\/p>\n<p style=\"text-align: center;\">F\u00fcr Ihren Besuch bei uns k\u00f6nnen Sie die SocialPass-App verwenden oder sich manuell registrieren.<\/p>\n<p>[\/et_pb_blurb][\/et_pb_column][\/et_pb_row][\/et_pb_section]<\/p>\n","protected":false},"excerpt":{"rendered":"<p>Mit Herz und Leidenschaft&#8230;Mit Herz und Leidenschaft&#8230;Mit Herz und Leidenschaft&#8230;Mit Herz und Leidenschaft&#8230;Mit Herz und Leidenschaft&#8230;Mit Herz und Leidenschaft&#8230;WillkommenUnser Weingut befindet sich in der Gemeinde Yens, im Bezirk Morges. Vom H\u00fcgel unseres Dorfes hat man einen wunderbaren Blick \u00fcber den ganzen Genfersee und die Alpen. Unser Gut verf\u00fcgt \u00fcber 8 Hektaren Reben welche Teil sind [&hellip;]<\/p>\n","protected":false},"author":1,"featured_media":5297,"parent":0,"menu_order":2,"comment_status":"closed","ping_status":"closed","template":"","meta":{"_et_pb_use_builder":"on","_et_pb_old_content":"","_et_gb_content_width":"","inline_featured_image":false,"footnotes":""},"yoast_head":"<!-- This site is optimized with the Yoast SEO plugin v21.5 - https:\/\/yoast.com\/wordpress\/plugins\/seo\/ -->\n<title>Coeytaux Jean-Daniel -Vigneron - Encaveur - Home-DE<\/title>\n<meta name=\"description\" content=\"Unser Weingut befindet sich in der Gemeinde Yens, im Bezirk Morges und ist Teil der Appellation d\u2019origine contr\u00f4l\u00e9e (AOC) \u00ab La C\u00f4te \u00bb\" \/>\n<meta name=\"robots\" content=\"index, follow, max-snippet:-1, max-image-preview:large, max-video-preview:-1\" \/>\n<link rel=\"canonical\" href=\"https:\/\/create.coeytaux-vins.ch\/de\/\" \/>\n<meta property=\"og:locale\" content=\"de_DE\" \/>\n<meta property=\"og:type\" content=\"article\" \/>\n<meta property=\"og:title\" content=\"Coeytaux Jean-Daniel -Vigneron - Encaveur - Home-DE\" \/>\n<meta property=\"og:description\" content=\"Unser Weingut befindet sich in der Gemeinde Yens, im Bezirk Morges und ist Teil der Appellation d\u2019origine contr\u00f4l\u00e9e (AOC) \u00ab La C\u00f4te \u00bb\" \/>\n<meta property=\"og:url\" content=\"https:\/\/create.coeytaux-vins.ch\/de\/\" \/>\n<meta property=\"og:site_name\" content=\"Coeytaux Jean-Daniel\" \/>\n<meta property=\"article:publisher\" content=\"https:\/\/www.facebook.com\/cavejeandaniel.coeytaux\" \/>\n<meta property=\"article:modified_time\" content=\"2023-07-10T11:53:40+00:00\" \/>\n<meta property=\"og:image\" content=\"https:\/\/create.coeytaux-vins.ch\/wp-content\/uploads\/2020\/10\/cover-image.jpg\" \/>\n\t<meta property=\"og:image:width\" content=\"2194\" \/>\n\t<meta property=\"og:image:height\" content=\"1080\" \/>\n\t<meta property=\"og:image:type\" content=\"image\/jpeg\" \/>\n<meta name=\"twitter:card\" content=\"summary_large_image\" \/>\n<meta name=\"twitter:site\" content=\"@CaveJDC\" \/>\n<meta name=\"twitter:label1\" content=\"Gesch\u00e4tzte Lesezeit\" \/>\n\t<meta name=\"twitter:data1\" content=\"7 Minuten\" \/>\n<script type=\"application\/ld+json\" class=\"yoast-schema-graph\">{\"@context\":\"https:\/\/schema.org\",\"@graph\":[{\"@type\":\"WebPage\",\"@id\":\"https:\/\/create.coeytaux-vins.ch\/de\/\",\"url\":\"https:\/\/create.coeytaux-vins.ch\/de\/\",\"name\":\"Coeytaux Jean-Daniel -Vigneron - Encaveur - Home-DE\",\"isPartOf\":{\"@id\":\"https:\/\/create.coeytaux-vins.ch\/de\/#website\"},\"datePublished\":\"2020-09-03T09:25:52+00:00\",\"dateModified\":\"2023-07-10T11:53:40+00:00\",\"description\":\"Unser Weingut befindet sich in der Gemeinde Yens, im Bezirk Morges und ist Teil der Appellation d\u2019origine contr\u00f4l\u00e9e (AOC) \u00ab La C\u00f4te \u00bb\",\"breadcrumb\":{\"@id\":\"https:\/\/create.coeytaux-vins.ch\/de\/#breadcrumb\"},\"inLanguage\":\"de-DE\",\"potentialAction\":[{\"@type\":\"ReadAction\",\"target\":[\"https:\/\/create.coeytaux-vins.ch\/de\/\"]}]},{\"@type\":\"BreadcrumbList\",\"@id\":\"https:\/\/create.coeytaux-vins.ch\/de\/#breadcrumb\",\"itemListElement\":[{\"@type\":\"ListItem\",\"position\":1,\"name\":\"Accueil\",\"item\":\"https:\/\/create.coeytaux-vins.ch\/de\/\"},{\"@type\":\"ListItem\",\"position\":2,\"name\":\"Home-DE\"}]},{\"@type\":\"WebSite\",\"@id\":\"https:\/\/create.coeytaux-vins.ch\/de\/#website\",\"url\":\"https:\/\/create.coeytaux-vins.ch\/de\/\",\"name\":\"Coeytaux Jean-Daniel\",\"description\":\"Jean Daniel Coeytaux, Vigneron-Encaveur, Rue du Ch\u00e2teau 4, 1169 Yens-s\/Morges, Tel +41 21 800 47 38, Fax +41 21 800 47 57, Natel +41 79 276 30 47, jean-daniel@coeytaux-vins.ch\",\"publisher\":{\"@id\":\"https:\/\/create.coeytaux-vins.ch\/de\/#organization\"},\"potentialAction\":[{\"@type\":\"SearchAction\",\"target\":{\"@type\":\"EntryPoint\",\"urlTemplate\":\"https:\/\/create.coeytaux-vins.ch\/de\/?s={search_term_string}\"},\"query-input\":\"required name=search_term_string\"}],\"inLanguage\":\"de-DE\"},{\"@type\":\"Organization\",\"@id\":\"https:\/\/create.coeytaux-vins.ch\/de\/#organization\",\"name\":\"Jean-Daniel Coeytaux\",\"url\":\"https:\/\/create.coeytaux-vins.ch\/de\/\",\"logo\":{\"@type\":\"ImageObject\",\"inLanguage\":\"de-DE\",\"@id\":\"https:\/\/create.coeytaux-vins.ch\/de\/#\/schema\/logo\/image\/\",\"url\":\"https:\/\/create.coeytaux-vins.ch\/wp-content\/uploads\/2020\/08\/Logo-Cave-Jean-Daniel-Coeytaux-Vigneron-Encaveur-e1598877479575.png\",\"contentUrl\":\"https:\/\/create.coeytaux-vins.ch\/wp-content\/uploads\/2020\/08\/Logo-Cave-Jean-Daniel-Coeytaux-Vigneron-Encaveur-e1598877479575.png\",\"width\":250,\"height\":176,\"caption\":\"Jean-Daniel Coeytaux\"},\"image\":{\"@id\":\"https:\/\/create.coeytaux-vins.ch\/de\/#\/schema\/logo\/image\/\"},\"sameAs\":[\"https:\/\/www.facebook.com\/cavejeandaniel.coeytaux\",\"https:\/\/twitter.com\/CaveJDC\",\"https:\/\/www.instagram.com\/cave_jean_daniel_coeytaux\/\"]}]}<\/script>\n<!-- \/ Yoast SEO plugin. -->","yoast_head_json":{"title":"Coeytaux Jean-Daniel -Vigneron - Encaveur - Home-DE","description":"Unser Weingut befindet sich in der Gemeinde Yens, im Bezirk Morges und ist Teil der Appellation d\u2019origine contr\u00f4l\u00e9e (AOC) \u00ab La C\u00f4te \u00bb","robots":{"index":"index","follow":"follow","max-snippet":"max-snippet:-1","max-image-preview":"max-image-preview:large","max-video-preview":"max-video-preview:-1"},"canonical":"https:\/\/create.coeytaux-vins.ch\/de\/","og_locale":"de_DE","og_type":"article","og_title":"Coeytaux Jean-Daniel -Vigneron - Encaveur - Home-DE","og_description":"Unser Weingut befindet sich in der Gemeinde Yens, im Bezirk Morges und ist Teil der Appellation d\u2019origine contr\u00f4l\u00e9e (AOC) \u00ab La C\u00f4te \u00bb","og_url":"https:\/\/create.coeytaux-vins.ch\/de\/","og_site_name":"Coeytaux Jean-Daniel","article_publisher":"https:\/\/www.facebook.com\/cavejeandaniel.coeytaux","article_modified_time":"2023-07-10T11:53:40+00:00","og_image":[{"width":2194,"height":1080,"url":"https:\/\/create.coeytaux-vins.ch\/wp-content\/uploads\/2020\/10\/cover-image.jpg","type":"image\/jpeg"}],"twitter_card":"summary_large_image","twitter_site":"@CaveJDC","twitter_misc":{"Gesch\u00e4tzte Lesezeit":"7 Minuten"},"schema":{"@context":"https:\/\/schema.org","@graph":[{"@type":"WebPage","@id":"https:\/\/create.coeytaux-vins.ch\/de\/","url":"https:\/\/create.coeytaux-vins.ch\/de\/","name":"Coeytaux Jean-Daniel -Vigneron - Encaveur - Home-DE","isPartOf":{"@id":"https:\/\/create.coeytaux-vins.ch\/de\/#website"},"datePublished":"2020-09-03T09:25:52+00:00","dateModified":"2023-07-10T11:53:40+00:00","description":"Unser Weingut befindet sich in der Gemeinde Yens, im Bezirk Morges und ist Teil der Appellation d\u2019origine contr\u00f4l\u00e9e (AOC) \u00ab La C\u00f4te \u00bb","breadcrumb":{"@id":"https:\/\/create.coeytaux-vins.ch\/de\/#breadcrumb"},"inLanguage":"de-DE","potentialAction":[{"@type":"ReadAction","target":["https:\/\/create.coeytaux-vins.ch\/de\/"]}]},{"@type":"BreadcrumbList","@id":"https:\/\/create.coeytaux-vins.ch\/de\/#breadcrumb","itemListElement":[{"@type":"ListItem","position":1,"name":"Accueil","item":"https:\/\/create.coeytaux-vins.ch\/de\/"},{"@type":"ListItem","position":2,"name":"Home-DE"}]},{"@type":"WebSite","@id":"https:\/\/create.coeytaux-vins.ch\/de\/#website","url":"https:\/\/create.coeytaux-vins.ch\/de\/","name":"Coeytaux Jean-Daniel","description":"Jean Daniel Coeytaux, Vigneron-Encaveur, Rue du Ch\u00e2teau 4, 1169 Yens-s\/Morges, Tel +41 21 800 47 38, Fax +41 21 800 47 57, Natel +41 79 276 30 47, jean-daniel@coeytaux-vins.ch","publisher":{"@id":"https:\/\/create.coeytaux-vins.ch\/de\/#organization"},"potentialAction":[{"@type":"SearchAction","target":{"@type":"EntryPoint","urlTemplate":"https:\/\/create.coeytaux-vins.ch\/de\/?s={search_term_string}"},"query-input":"required name=search_term_string"}],"inLanguage":"de-DE"},{"@type":"Organization","@id":"https:\/\/create.coeytaux-vins.ch\/de\/#organization","name":"Jean-Daniel Coeytaux","url":"https:\/\/create.coeytaux-vins.ch\/de\/","logo":{"@type":"ImageObject","inLanguage":"de-DE","@id":"https:\/\/create.coeytaux-vins.ch\/de\/#\/schema\/logo\/image\/","url":"https:\/\/create.coeytaux-vins.ch\/wp-content\/uploads\/2020\/08\/Logo-Cave-Jean-Daniel-Coeytaux-Vigneron-Encaveur-e1598877479575.png","contentUrl":"https:\/\/create.coeytaux-vins.ch\/wp-content\/uploads\/2020\/08\/Logo-Cave-Jean-Daniel-Coeytaux-Vigneron-Encaveur-e1598877479575.png","width":250,"height":176,"caption":"Jean-Daniel Coeytaux"},"image":{"@id":"https:\/\/create.coeytaux-vins.ch\/de\/#\/schema\/logo\/image\/"},"sameAs":["https:\/\/www.facebook.com\/cavejeandaniel.coeytaux","https:\/\/twitter.com\/CaveJDC","https:\/\/www.instagram.com\/cave_jean_daniel_coeytaux\/"]}]}},"_links":{"self":[{"href":"https:\/\/create.coeytaux-vins.ch\/de\/wp-json\/wp\/v2\/pages\/4436"}],"collection":[{"href":"https:\/\/create.coeytaux-vins.ch\/de\/wp-json\/wp\/v2\/pages"}],"about":[{"href":"https:\/\/create.coeytaux-vins.ch\/de\/wp-json\/wp\/v2\/types\/page"}],"author":[{"embeddable":true,"href":"https:\/\/create.coeytaux-vins.ch\/de\/wp-json\/wp\/v2\/users\/1"}],"replies":[{"embeddable":true,"href":"https:\/\/create.coeytaux-vins.ch\/de\/wp-json\/wp\/v2\/comments?post=4436"}],"version-history":[{"count":73,"href":"https:\/\/create.coeytaux-vins.ch\/de\/wp-json\/wp\/v2\/pages\/4436\/revisions"}],"predecessor-version":[{"id":22617,"href":"https:\/\/create.coeytaux-vins.ch\/de\/wp-json\/wp\/v2\/pages\/4436\/revisions\/22617"}],"wp:featuredmedia":[{"embeddable":true,"href":"https:\/\/create.coeytaux-vins.ch\/de\/wp-json\/wp\/v2\/media\/5297"}],"wp:attachment":[{"href":"https:\/\/create.coeytaux-vins.ch\/de\/wp-json\/wp\/v2\/media?parent=4436"}],"curies":[{"name":"wp","href":"https:\/\/api.w.org\/{rel}","templated":true}]}}